{"id":1436,"date":"2023-06-14T13:59:35","date_gmt":"2023-06-14T13:59:35","guid":{"rendered":"https:\/\/oceansdistillery.com\/?page_id=1436"},"modified":"2023-06-18T16:57:32","modified_gmt":"2023-06-18T16:57:32","slug":"ron-oceans-deep","status":"publish","type":"page","link":"https:\/\/oceansdistillery.com\/en\/rum-oceans-deep\/","title":{"rendered":"Rum Ocean's Deep"},"content":{"rendered":"<div data-elementor-type=\"wp-page\" data-elementor-id=\"1436\" class=\"elementor elementor-1436\">\n\t\t\t\t\t\t<section class=\"elementor-section elementor-top-section elementor-element elementor-element-470d18a elementor-section-full_width elementor-section-height-min-height elementor-section-height-default elementor-section-items-middle\" data-id=\"470d18a\" data-element_type=\"section\" data-settings=\"{&quot;background_background&quot;:&quot;video&quot;,&quot;background_video_link&quot;:&quot;https:\\\/\\\/oceansdistillery.com\\\/wp-content\\\/uploads\\\/2023\\\/04\\\/ocenas.mp4&quot;}\">\n\t\t\t\t\t\t\t\t<div class=\"elementor-background-video-container elementor-hidden-phone\">\n\t\t\t\t\t\t\t\t\t\t\t\t\t<video class=\"elementor-background-video-hosted elementor-html5-video\" autoplay muted playsinline loop><\/video>\n\t\t\t\t\t\t\t\t\t\t\t<\/div>\n\t\t\t\t\t\t\t\t\t<div class=\"elementor-background-overlay\"><\/div>\n\t\t\t\t\t\t\t<div class=\"elementor-container elementor-column-gap-default\">\n\t\t\t\t\t<div class=\"elementor-column elementor-col-100 elementor-top-column elementor-element elementor-element-25adc160\" data-id=\"25adc160\" data-element_type=\"column\">\n\t\t\t<div class=\"elementor-widget-wrap elementor-element-populated\">\n\t\t\t\t\t\t<div class=\"elementor-element elementor-element-611fead4 elementor-widget elementor-widget-html\" data-id=\"611fead4\" data-element_type=\"widget\" data-widget_type=\"html.default\">\n\t\t\t\t<div class=\"elementor-widget-container\">\n\t\t\t<div id=\"titular-section\">\n<h1 class=\"h1section gold2\">Ocean's Deep <\/h1>\n<\/div>\t\t<\/div>\n\t\t\t\t<\/div>\n\t\t\t\t\t<\/div>\n\t\t<\/div>\n\t\t\t\t\t<\/div>\n\t\t<\/section>\n\t\t\t\t<section class=\"elementor-section elementor-top-section elementor-element elementor-element-002941e elementor-reverse-mobile elementor-reverse-tablet elementor-section-boxed elementor-section-height-default elementor-section-height-default\" data-id=\"002941e\" data-element_type=\"section\">\n\t\t\t\t\t\t<div class=\"elementor-container elementor-column-gap-default\">\n\t\t\t\t\t<div class=\"elementor-column elementor-col-50 elementor-top-column elementor-element elementor-element-bd81efd\" data-id=\"bd81efd\" data-element_type=\"column\">\n\t\t\t<div class=\"elementor-widget-wrap elementor-element-populated\">\n\t\t\t\t\t\t<div class=\"elementor-element elementor-element-6bc0784 elementor-widget elementor-widget-html\" data-id=\"6bc0784\" data-element_type=\"widget\" data-widget_type=\"html.default\">\n\t\t\t\t<div class=\"elementor-widget-container\">\n\t\t\t<div class=\"product-description\"><p>Ron Ocean's Deep is a blend of Industrial Rum (or light rum) combined with agricultural rums (or heavy rums), all sourced from the Caribbean islands where both production technologies have been developed. <\/p>\r\n\r\n<p>For the production of both rums that make up the final blend of Ocean's Deep, alcohols obtained from the fermentation of sugarcane juice or molasses are used.<\/p> \r\n\r\n<\/div>\t\t<\/div>\n\t\t\t\t<\/div>\n\t\t\t\t\t<\/div>\n\t\t<\/div>\n\t\t\t\t<div class=\"elementor-column elementor-col-50 elementor-top-column elementor-element elementor-element-77a56e1\" data-id=\"77a56e1\" data-element_type=\"column\">\n\t\t\t<div class=\"elementor-widget-wrap elementor-element-populated\">\n\t\t\t\t\t\t<div class=\"elementor-element elementor-element-b3ebebf elementor-widget elementor-widget-html\" data-id=\"b3ebebf\" data-element_type=\"widget\" data-widget_type=\"html.default\">\n\t\t\t\t<div class=\"elementor-widget-container\">\n\t\t\t<img decoding=\"async\" id=\"deep-product-image\" src=\"https:\/\/oceansdistillery.com\/wp-content\/uploads\/2023\/05\/deep-ron-product.png\" alt=\"Ocean&#039;s Ron Deep version.\">\t\t<\/div>\n\t\t\t\t<\/div>\n\t\t\t\t\t<\/div>\n\t\t<\/div>\n\t\t\t\t\t<\/div>\n\t\t<\/section>\n\t\t\t\t<section class=\"elementor-section elementor-top-section elementor-element elementor-element-55d362a elementor-section-boxed elementor-section-height-default elementor-section-height-default\" data-id=\"55d362a\" data-element_type=\"section\" data-settings=\"{&quot;background_background&quot;:&quot;classic&quot;}\">\n\t\t\t\t\t\t<div class=\"elementor-container elementor-column-gap-default\">\n\t\t\t\t\t<div class=\"elementor-column elementor-col-100 elementor-top-column elementor-element elementor-element-112c48e\" data-id=\"112c48e\" data-element_type=\"column\">\n\t\t\t<div class=\"elementor-widget-wrap elementor-element-populated\">\n\t\t\t\t\t\t<div class=\"elementor-element elementor-element-58ff8b4 elementor-widget elementor-widget-html\" data-id=\"58ff8b4\" data-element_type=\"widget\" data-widget_type=\"html.default\">\n\t\t\t\t<div class=\"elementor-widget-container\">\n\t\t\t<h2 class=\"h2section-product gold\">Specifications <\/h2>\n<div class=\"descripcion-modelo\" id=\"descripcion-product\">\n    \n    <div class=\"descripcion-row\" >\n        \n       <div class=\"descripcion-element\">\n            <p class=\"titular-descripcion\">Swallowing sensation<\/p><p class=\"descripcion-content\">Burning sensation in the throat, slightly sweet tones, and strongly balsamic.<\/p>\n        <\/div>\n        <div class=\"descripcion-element\">\n            <p class=\"titular-descripcion\">Appearance<\/p><p class=\"descripcion-content\">A markedly dark amber-colored liquid, allowing light to pass through with notable flashes and brilliance, free from suspended particles.<\/p>\n        <\/div>\n        \n    <\/div>\n   \n      <div class=\"descripcion-column\">\n        \n        <div class=\"descripcion-element\">\n            <p class=\"titular-descripcion\">Smell<\/p><p class=\"descripcion-content\">The aroma of rum aged in oak barrels, reminiscent of sugarcane harvest, offers a refreshing and moderately sweet scent with noticeable notes of vanilla, cherry, and bitter almonds.<\/p>\n        <\/div>\n        <div class=\"descripcion-element\">\n            <p class=\"titular-descripcion\">Taste<\/p><p class=\"descripcion-content\">Well-developed aging, with a subtly perceptible sweetness, combined with the flavor of vanilla that evolves into almonds and fleshy fruits. It presents a complex and multi-layered taste.<\/p>\n        <\/div>\n        \n        \n        \n    <\/div>\n     <div class=\"descripcion-row\">\n        \n       \n       <div class=\"descripcion-element\">\n            <p class=\"titular-descripcion\">Alcohol content<\/p><p class=\"descripcion-content\">40%<\/p>\n        <\/div>\n        \n    <\/div>\n<\/div>\t\t<\/div>\n\t\t\t\t<\/div>\n\t\t\t\t\t<\/div>\n\t\t<\/div>\n\t\t\t\t\t<\/div>\n\t\t<\/section>\n\t\t\t\t<section class=\"elementor-section elementor-top-section elementor-element elementor-element-69abe12 elementor-section-boxed elementor-section-height-default elementor-section-height-default\" data-id=\"69abe12\" data-element_type=\"section\">\n\t\t\t\t\t\t<div class=\"elementor-container elementor-column-gap-default\">\n\t\t\t\t\t<div class=\"elementor-column elementor-col-50 elementor-top-column elementor-element elementor-element-6df1b13\" data-id=\"6df1b13\" data-element_type=\"column\">\n\t\t\t<div class=\"elementor-widget-wrap elementor-element-populated\">\n\t\t\t\t\t\t<div class=\"elementor-element elementor-element-c253602 elementor-widget elementor-widget-html\" data-id=\"c253602\" data-element_type=\"widget\" data-widget_type=\"html.default\">\n\t\t\t\t<div class=\"elementor-widget-container\">\n\t\t\t<h2 class=\"h2section-product gold\">Elaboration <\/h2>\r\n<div class=\"product-description\"><p><strong>\tFermentation<\/strong> During this stage, the sugary juices are fermented to produce alcoholic mash. In the case of our light rums, fermentation is rigorously controlled by inoculating selected yeast strains. On the other hand, for heavy rums, native (wild) yeasts that have developed in sugarcane cultivation are used.\r\n <\/p>\r\n\r\n<p><strong>Distillation<\/strong> To distill the fermented mash, industrial or light rums use continuous column systems that allow for the production of a product with a complex, multi-layered flavor but a light body similar to industrial rums. On the other hand, heavy or agricultural rums are distilled in traditional copper pot stills, which impart great strength to the alcohols by extracting a significant amount of congeners during distillation.<\/p> <p><strong>\tAging<\/strong>  The alcohols are aged for several years in American white oak barrels. Different aged alcohols, matured for varying periods of time, are used in the formulation. In the case of Ocean's Deep, a combination of light rums aged from 1 to 10 years in the appropriate proportion is blended with one-year-old heavy rums to achieve the desired final organoleptic profile. <\/p>\r\n\r\n<\/div>\t\t<\/div>\n\t\t\t\t<\/div>\n\t\t\t\t\t<\/div>\n\t\t<\/div>\n\t\t\t\t<div class=\"elementor-column elementor-col-50 elementor-top-column elementor-element elementor-element-6047f1e\" data-id=\"6047f1e\" data-element_type=\"column\">\n\t\t\t<div class=\"elementor-widget-wrap elementor-element-populated\">\n\t\t\t\t\t\t<div class=\"elementor-element elementor-element-9eaffad elementor-widget elementor-widget-image\" data-id=\"9eaffad\" data-element_type=\"widget\" data-widget_type=\"image.default\">\n\t\t\t\t<div class=\"elementor-widget-container\">\n\t\t\t<style>\/*! elementor - v3.20.0 - 13-03-2024 *\/\n.elementor-widget-image{text-align:center}.elementor-widget-image a{display:inline-block}.elementor-widget-image a img[src$=\".svg\"]{width:48px}.elementor-widget-image img{vertical-align:middle;display:inline-block}<\/style>\t\t\t\t\t\t\t\t\t\t<img decoding=\"async\" src=\"https:\/\/oceansdistillery.com\/wp-content\/uploads\/elementor\/thumbs\/mellow-ron-background-q7yilv4tew0b926yp4fk643myct5ohjsbwqs3xufm0.png\" title=\"mellow-ron-background\" alt=\"Imagen de la etiqueta del ron Mellow.\" loading=\"lazy\" \/>\t\t\t\t\t\t\t\t\t\t\t\t\t<\/div>\n\t\t\t\t<\/div>\n\t\t\t\t\t<\/div>\n\t\t<\/div>\n\t\t\t\t\t<\/div>\n\t\t<\/section>\n\t\t\t\t<section class=\"elementor-section elementor-top-section elementor-element elementor-element-a78752 elementor-section-boxed elementor-section-height-default elementor-section-height-default\" data-id=\"a78752\" data-element_type=\"section\">\n\t\t\t\t\t\t<div class=\"elementor-container elementor-column-gap-default\">\n\t\t\t\t\t<div class=\"elementor-column elementor-col-33 elementor-top-column elementor-element elementor-element-4a30c1cc\" data-id=\"4a30c1cc\" data-element_type=\"column\">\n\t\t\t<div class=\"elementor-widget-wrap elementor-element-populated\">\n\t\t\t\t\t\t<div class=\"elementor-element elementor-element-39167418 e-transform elementor-widget elementor-widget-image\" data-id=\"39167418\" data-element_type=\"widget\" data-settings=\"{&quot;_transform_scale_effect_hover&quot;:{&quot;unit&quot;:&quot;px&quot;,&quot;size&quot;:&quot;&quot;,&quot;sizes&quot;:[]},&quot;_transform_scale_effect_hover_tablet&quot;:{&quot;unit&quot;:&quot;px&quot;,&quot;size&quot;:&quot;&quot;,&quot;sizes&quot;:[]},&quot;_transform_scale_effect_hover_mobile&quot;:{&quot;unit&quot;:&quot;px&quot;,&quot;size&quot;:&quot;&quot;,&quot;sizes&quot;:[]}}\" data-widget_type=\"image.default\">\n\t\t\t\t<div class=\"elementor-widget-container\">\n\t\t\t\t\t\t\t\t\t\t\t\t\t\t<a href=\"https:\/\/oceansdistillery.com\/en\/rum-oceans-deep\/\">\n\t\t\t\t\t\t\t<img fetchpriority=\"high\" decoding=\"async\" width=\"500\" height=\"300\" src=\"https:\/\/oceansdistillery.com\/wp-content\/uploads\/2023\/06\/deep-ron-hover.jpg\" class=\"attachment-large size-large wp-image-1322\" alt=\"Link hacia la p\u00e1gina dedicada al ron Deep\" srcset=\"https:\/\/oceansdistillery.com\/wp-content\/uploads\/2023\/06\/deep-ron-hover.jpg 500w, https:\/\/oceansdistillery.com\/wp-content\/uploads\/2023\/06\/deep-ron-hover-150x90.jpg 150w, https:\/\/oceansdistillery.com\/wp-content\/uploads\/2023\/06\/deep-ron-hover-200x120.jpg 200w, https:\/\/oceansdistillery.com\/wp-content\/uploads\/2023\/06\/deep-ron-hover-300x180.jpg 300w\" sizes=\"(max-width: 500px) 100vw, 500px\" \/>\t\t\t\t\t\t\t\t<\/a>\n\t\t\t\t\t\t\t\t\t\t\t\t\t<\/div>\n\t\t\t\t<\/div>\n\t\t\t\t\t<\/div>\n\t\t<\/div>\n\t\t\t\t<div class=\"elementor-column elementor-col-33 elementor-top-column elementor-element elementor-element-36a5d30\" data-id=\"36a5d30\" data-element_type=\"column\">\n\t\t\t<div class=\"elementor-widget-wrap elementor-element-populated\">\n\t\t\t\t\t\t<div class=\"elementor-element elementor-element-65c2997f elementor-widget elementor-widget-image\" data-id=\"65c2997f\" data-element_type=\"widget\" data-widget_type=\"image.default\">\n\t\t\t\t<div class=\"elementor-widget-container\">\n\t\t\t\t\t\t\t\t\t\t\t\t\t\t<a href=\"https:\/\/oceansdistillery.com\/en\/rum-oceans-mellow\/\">\n\t\t\t\t\t\t\t<img decoding=\"async\" width=\"500\" height=\"300\" src=\"https:\/\/oceansdistillery.com\/wp-content\/uploads\/2023\/06\/mellow-ron-hover.jpg\" class=\"attachment-large size-large wp-image-1324\" alt=\"Link hacia la p\u00e1gina dedicada al ron Mellow\" srcset=\"https:\/\/oceansdistillery.com\/wp-content\/uploads\/2023\/06\/mellow-ron-hover.jpg 500w, https:\/\/oceansdistillery.com\/wp-content\/uploads\/2023\/06\/mellow-ron-hover-150x90.jpg 150w, https:\/\/oceansdistillery.com\/wp-content\/uploads\/2023\/06\/mellow-ron-hover-200x120.jpg 200w, https:\/\/oceansdistillery.com\/wp-content\/uploads\/2023\/06\/mellow-ron-hover-300x180.jpg 300w\" sizes=\"(max-width: 500px) 100vw, 500px\" \/>\t\t\t\t\t\t\t\t<\/a>\n\t\t\t\t\t\t\t\t\t\t\t\t\t<\/div>\n\t\t\t\t<\/div>\n\t\t\t\t\t<\/div>\n\t\t<\/div>\n\t\t\t\t<div class=\"elementor-column elementor-col-33 elementor-top-column elementor-element elementor-element-3a3a8e4\" data-id=\"3a3a8e4\" data-element_type=\"column\">\n\t\t\t<div class=\"elementor-widget-wrap elementor-element-populated\">\n\t\t\t\t\t\t<div class=\"elementor-element elementor-element-1f0028e9 elementor-widget elementor-widget-image\" data-id=\"1f0028e9\" data-element_type=\"widget\" data-widget_type=\"image.default\">\n\t\t\t\t<div class=\"elementor-widget-container\">\n\t\t\t\t\t\t\t\t\t\t\t\t\t\t<a href=\"https:\/\/oceansdistillery.com\/en\/rum-oceans-tasty\/\">\n\t\t\t\t\t\t\t<img decoding=\"async\" width=\"500\" height=\"300\" src=\"https:\/\/oceansdistillery.com\/wp-content\/uploads\/2023\/06\/tasty-ron-hover.jpg\" class=\"attachment-large size-large wp-image-1326\" alt=\"Link hacia la p\u00e1gina dedicada al ron Tasty\" srcset=\"https:\/\/oceansdistillery.com\/wp-content\/uploads\/2023\/06\/tasty-ron-hover.jpg 500w, https:\/\/oceansdistillery.com\/wp-content\/uploads\/2023\/06\/tasty-ron-hover-150x90.jpg 150w, https:\/\/oceansdistillery.com\/wp-content\/uploads\/2023\/06\/tasty-ron-hover-200x120.jpg 200w, https:\/\/oceansdistillery.com\/wp-content\/uploads\/2023\/06\/tasty-ron-hover-300x180.jpg 300w\" sizes=\"(max-width: 500px) 100vw, 500px\" \/>\t\t\t\t\t\t\t\t<\/a>\n\t\t\t\t\t\t\t\t\t\t\t\t\t<\/div>\n\t\t\t\t<\/div>\n\t\t\t\t\t<\/div>\n\t\t<\/div>\n\t\t\t\t\t<\/div>\n\t\t<\/section>\n\t\t\t\t<\/div>","protected":false},"excerpt":{"rendered":"<p>Ocean&#8217;s Deep Ron definido como una mezcla de Ron Industria ( o ligero), de conjunto con rones agr\u00edcolas (o pesados) , todos de las islas caribe\u00f1as donde se han venido desarrollando ambas tecnolog\u00edas de producci\u00f3n de Rones. Para la producci\u00f3n de ambos rones que conforma la mezcla final de Ocean`s Deep, se utilizan alcoholes obtenidos [&hellip;]<\/p>","protected":false},"author":1,"featured_media":0,"parent":0,"menu_order":0,"comment_status":"closed","ping_status":"closed","template":"","meta":{"site-sidebar-layout":"no-sidebar","site-content-layout":"page-builder","ast-site-content-layout":"","site-content-style":"default","site-sidebar-style":"default","ast-global-header-display":"","ast-banner-title-visibility":"","ast-main-header-display":"","ast-hfb-above-header-display":"","ast-hfb-below-header-display":"","ast-hfb-mobile-header-display":"","site-post-title":"disabled","ast-breadcrumbs-content":"","ast-featured-img":"disabled","footer-sml-layout":"","theme-transparent-header-meta":"","adv-header-id-meta":"","stick-header-meta":"","header-above-stick-meta":"","header-main-stick-meta":"","header-below-stick-meta":"","astra-migrate-meta-layouts":"default","ast-page-background-enabled":"default","ast-page-background-meta":{"desktop":{"background-color":"var(--ast-global-color-4)","background-image":"","background-repeat":"repeat","background-position":"center center","background-size":"auto","background-attachment":"scroll","background-type":"","background-media":"","overlay-type":"","overlay-color":"","overlay-gradient":""},"tablet":{"background-color":"","background-image":"","background-repeat":"repeat","background-position":"center center","background-size":"auto","background-attachment":"scroll","background-type":"","background-media":"","overlay-type":"","overlay-color":"","overlay-gradient":""},"mobile":{"background-color":"","background-image":"","background-repeat":"repeat","background-position":"center center","background-size":"auto","background-attachment":"scroll","background-type":"","background-media":"","overlay-type":"","overlay-color":"","overlay-gradient":""}},"ast-content-background-meta":{"desktop":{"background-color":"var(--ast-global-color-5)","background-image":"","background-repeat":"repeat","background-position":"center center","background-size":"auto","background-attachment":"scroll","background-type":"","background-media":"","overlay-type":"","overlay-color":"","overlay-gradient":""},"tablet":{"background-color":"var(--ast-global-color-5)","background-image":"","background-repeat":"repeat","background-position":"center center","background-size":"auto","background-attachment":"scroll","background-type":"","background-media":"","overlay-type":"","overlay-color":"","overlay-gradient":""},"mobile":{"background-color":"var(--ast-global-color-5)","background-image":"","background-repeat":"repeat","background-position":"center center","background-size":"auto","background-attachment":"scroll","background-type":"","background-media":"","overlay-type":"","overlay-color":"","overlay-gradient":""}},"footnotes":""},"yoast_head":"<!-- This site is optimized with the Yoast SEO plugin v22.2 - https:\/\/yoast.com\/wordpress\/plugins\/seo\/ -->\n<title>Ron Ocean&#039;s Deep - Ocean&#039;s Distillery<\/title>\n<meta name=\"description\" content=\"Ron definido como una mezcla de ron Industria con rones agr\u00edcolas procedentes de las islas caribe\u00f1as. \u00a1Descubre Ocean`s Deep!\" \/>\n<meta name=\"robots\" content=\"index, follow, max-snippet:-1, max-image-preview:large, max-video-preview:-1\" \/>\n<link rel=\"canonical\" href=\"https:\/\/oceansdistillery.com\/en\/rum-oceans-deep\/\" \/>\n<meta property=\"og:locale\" content=\"en_GB\" \/>\n<meta property=\"og:type\" content=\"article\" \/>\n<meta property=\"og:title\" content=\"Ron Ocean&#039;s Deep - Ocean&#039;s Distillery\" \/>\n<meta property=\"og:description\" content=\"Ron definido como una mezcla de ron Industria con rones agr\u00edcolas procedentes de las islas caribe\u00f1as. \u00a1Descubre Ocean`s Deep!\" \/>\n<meta property=\"og:url\" content=\"https:\/\/oceansdistillery.com\/en\/rum-oceans-deep\/\" \/>\n<meta property=\"og:site_name\" content=\"Ocean&#039;s Distillery\" \/>\n<meta property=\"article:modified_time\" content=\"2023-06-18T16:57:32+00:00\" \/>\n<meta property=\"og:image\" content=\"https:\/\/oceansdistillery.com\/wp-content\/uploads\/2023\/05\/deep-ron-product.png\" \/>\n<meta name=\"twitter:card\" content=\"summary_large_image\" \/>\n<meta name=\"twitter:label1\" content=\"Estimated reading time\" \/>\n\t<meta name=\"twitter:data1\" content=\"3 minutes\" \/>\n<script type=\"application\/ld+json\" class=\"yoast-schema-graph\">{\"@context\":\"https:\/\/schema.org\",\"@graph\":[{\"@type\":\"WebPage\",\"@id\":\"https:\/\/oceansdistillery.com\/ron-oceans-deep\/\",\"url\":\"https:\/\/oceansdistillery.com\/ron-oceans-deep\/\",\"name\":\"Ron Ocean's Deep - Ocean's Distillery\",\"isPartOf\":{\"@id\":\"https:\/\/oceansdistillery.com\/#website\"},\"primaryImageOfPage\":{\"@id\":\"https:\/\/oceansdistillery.com\/ron-oceans-deep\/#primaryimage\"},\"image\":{\"@id\":\"https:\/\/oceansdistillery.com\/ron-oceans-deep\/#primaryimage\"},\"thumbnailUrl\":\"https:\/\/oceansdistillery.com\/wp-content\/uploads\/2023\/05\/deep-ron-product.png\",\"datePublished\":\"2023-06-14T13:59:35+00:00\",\"dateModified\":\"2023-06-18T16:57:32+00:00\",\"description\":\"Ron definido como una mezcla de ron Industria con rones agr\u00edcolas procedentes de las islas caribe\u00f1as. \u00a1Descubre Ocean`s Deep!\",\"breadcrumb\":{\"@id\":\"https:\/\/oceansdistillery.com\/ron-oceans-deep\/#breadcrumb\"},\"inLanguage\":\"en-GB\",\"potentialAction\":[{\"@type\":\"ReadAction\",\"target\":[\"https:\/\/oceansdistillery.com\/ron-oceans-deep\/\"]}]},{\"@type\":\"ImageObject\",\"inLanguage\":\"en-GB\",\"@id\":\"https:\/\/oceansdistillery.com\/ron-oceans-deep\/#primaryimage\",\"url\":\"https:\/\/oceansdistillery.com\/wp-content\/uploads\/2023\/05\/deep-ron-product.png\",\"contentUrl\":\"https:\/\/oceansdistillery.com\/wp-content\/uploads\/2023\/05\/deep-ron-product.png\",\"width\":1000,\"height\":1200,\"caption\":\"Botella de Ocean's Ron versi\u00f3n Deep\"},{\"@type\":\"BreadcrumbList\",\"@id\":\"https:\/\/oceansdistillery.com\/ron-oceans-deep\/#breadcrumb\",\"itemListElement\":[{\"@type\":\"ListItem\",\"position\":1,\"name\":\"Portada\",\"item\":\"https:\/\/oceansdistillery.com\/\"},{\"@type\":\"ListItem\",\"position\":2,\"name\":\"Ron Ocean&#8217;s Deep\"}]},{\"@type\":\"WebSite\",\"@id\":\"https:\/\/oceansdistillery.com\/#website\",\"url\":\"https:\/\/oceansdistillery.com\/\",\"name\":\"Ocean's Distillery\",\"description\":\"\",\"publisher\":{\"@id\":\"https:\/\/oceansdistillery.com\/#organization\"},\"potentialAction\":[{\"@type\":\"SearchAction\",\"target\":{\"@type\":\"EntryPoint\",\"urlTemplate\":\"https:\/\/oceansdistillery.com\/?s={search_term_string}\"},\"query-input\":\"required name=search_term_string\"}],\"inLanguage\":\"en-GB\"},{\"@type\":\"Organization\",\"@id\":\"https:\/\/oceansdistillery.com\/#organization\",\"name\":\"Ocean's Distillery\",\"url\":\"https:\/\/oceansdistillery.com\/\",\"logo\":{\"@type\":\"ImageObject\",\"inLanguage\":\"en-GB\",\"@id\":\"https:\/\/oceansdistillery.com\/#\/schema\/logo\/image\/\",\"url\":\"https:\/\/oceansdistillery.com\/wp-content\/uploads\/2023\/04\/oceans-distillery-logo.svg\",\"contentUrl\":\"https:\/\/oceansdistillery.com\/wp-content\/uploads\/2023\/04\/oceans-distillery-logo.svg\",\"width\":250,\"height\":202,\"caption\":\"Ocean's Distillery\"},\"image\":{\"@id\":\"https:\/\/oceansdistillery.com\/#\/schema\/logo\/image\/\"}}]}<\/script>\n<!-- \/ Yoast SEO plugin. -->","yoast_head_json":{"title":"Ron Ocean's Deep - Ocean's Distillery","description":"Ron definido como una mezcla de ron Industria con rones agr\u00edcolas procedentes de las islas caribe\u00f1as. \u00a1Descubre Ocean`s Deep!","robots":{"index":"index","follow":"follow","max-snippet":"max-snippet:-1","max-image-preview":"max-image-preview:large","max-video-preview":"max-video-preview:-1"},"canonical":"https:\/\/oceansdistillery.com\/en\/rum-oceans-deep\/","og_locale":"en_GB","og_type":"article","og_title":"Ron Ocean's Deep - Ocean's Distillery","og_description":"Ron definido como una mezcla de ron Industria con rones agr\u00edcolas procedentes de las islas caribe\u00f1as. \u00a1Descubre Ocean`s Deep!","og_url":"https:\/\/oceansdistillery.com\/en\/rum-oceans-deep\/","og_site_name":"Ocean's Distillery","article_modified_time":"2023-06-18T16:57:32+00:00","og_image":[{"url":"https:\/\/oceansdistillery.com\/wp-content\/uploads\/2023\/05\/deep-ron-product.png"}],"twitter_card":"summary_large_image","twitter_misc":{"Estimated reading time":"3 minutes"},"schema":{"@context":"https:\/\/schema.org","@graph":[{"@type":"WebPage","@id":"https:\/\/oceansdistillery.com\/ron-oceans-deep\/","url":"https:\/\/oceansdistillery.com\/ron-oceans-deep\/","name":"Ron Ocean's Deep - Ocean's Distillery","isPartOf":{"@id":"https:\/\/oceansdistillery.com\/#website"},"primaryImageOfPage":{"@id":"https:\/\/oceansdistillery.com\/ron-oceans-deep\/#primaryimage"},"image":{"@id":"https:\/\/oceansdistillery.com\/ron-oceans-deep\/#primaryimage"},"thumbnailUrl":"https:\/\/oceansdistillery.com\/wp-content\/uploads\/2023\/05\/deep-ron-product.png","datePublished":"2023-06-14T13:59:35+00:00","dateModified":"2023-06-18T16:57:32+00:00","description":"Ron definido como una mezcla de ron Industria con rones agr\u00edcolas procedentes de las islas caribe\u00f1as. \u00a1Descubre Ocean`s Deep!","breadcrumb":{"@id":"https:\/\/oceansdistillery.com\/ron-oceans-deep\/#breadcrumb"},"inLanguage":"en-GB","potentialAction":[{"@type":"ReadAction","target":["https:\/\/oceansdistillery.com\/ron-oceans-deep\/"]}]},{"@type":"ImageObject","inLanguage":"en-GB","@id":"https:\/\/oceansdistillery.com\/ron-oceans-deep\/#primaryimage","url":"https:\/\/oceansdistillery.com\/wp-content\/uploads\/2023\/05\/deep-ron-product.png","contentUrl":"https:\/\/oceansdistillery.com\/wp-content\/uploads\/2023\/05\/deep-ron-product.png","width":1000,"height":1200,"caption":"Botella de Ocean's Ron versi\u00f3n Deep"},{"@type":"BreadcrumbList","@id":"https:\/\/oceansdistillery.com\/ron-oceans-deep\/#breadcrumb","itemListElement":[{"@type":"ListItem","position":1,"name":"Portada","item":"https:\/\/oceansdistillery.com\/"},{"@type":"ListItem","position":2,"name":"Ron Ocean&#8217;s Deep"}]},{"@type":"WebSite","@id":"https:\/\/oceansdistillery.com\/#website","url":"https:\/\/oceansdistillery.com\/","name":"Ocean's Distillery","description":"","publisher":{"@id":"https:\/\/oceansdistillery.com\/#organization"},"potentialAction":[{"@type":"SearchAction","target":{"@type":"EntryPoint","urlTemplate":"https:\/\/oceansdistillery.com\/?s={search_term_string}"},"query-input":"required name=search_term_string"}],"inLanguage":"en-GB"},{"@type":"Organization","@id":"https:\/\/oceansdistillery.com\/#organization","name":"Ocean's Distillery","url":"https:\/\/oceansdistillery.com\/","logo":{"@type":"ImageObject","inLanguage":"en-GB","@id":"https:\/\/oceansdistillery.com\/#\/schema\/logo\/image\/","url":"https:\/\/oceansdistillery.com\/wp-content\/uploads\/2023\/04\/oceans-distillery-logo.svg","contentUrl":"https:\/\/oceansdistillery.com\/wp-content\/uploads\/2023\/04\/oceans-distillery-logo.svg","width":250,"height":202,"caption":"Ocean's Distillery"},"image":{"@id":"https:\/\/oceansdistillery.com\/#\/schema\/logo\/image\/"}}]}},"_links":{"self":[{"href":"https:\/\/oceansdistillery.com\/en\/wp-json\/wp\/v2\/pages\/1436"}],"collection":[{"href":"https:\/\/oceansdistillery.com\/en\/wp-json\/wp\/v2\/pages"}],"about":[{"href":"https:\/\/oceansdistillery.com\/en\/wp-json\/wp\/v2\/types\/page"}],"author":[{"embeddable":true,"href":"https:\/\/oceansdistillery.com\/en\/wp-json\/wp\/v2\/users\/1"}],"replies":[{"embeddable":true,"href":"https:\/\/oceansdistillery.com\/en\/wp-json\/wp\/v2\/comments?post=1436"}],"version-history":[{"count":104,"href":"https:\/\/oceansdistillery.com\/en\/wp-json\/wp\/v2\/pages\/1436\/revisions"}],"predecessor-version":[{"id":1929,"href":"https:\/\/oceansdistillery.com\/en\/wp-json\/wp\/v2\/pages\/1436\/revisions\/1929"}],"wp:attachment":[{"href":"https:\/\/oceansdistillery.com\/en\/wp-json\/wp\/v2\/media?parent=1436"}],"curies":[{"name":"wp","href":"https:\/\/api.w.org\/{rel}","templated":true}]}}