{"id":21,"date":"2023-04-03T16:31:04","date_gmt":"2023-04-03T16:31:04","guid":{"rendered":"https:\/\/oceansdistillery.com\/?page_id=21"},"modified":"2023-06-18T16:54:46","modified_gmt":"2023-06-18T16:54:46","slug":"nuestros-rones","status":"publish","type":"page","link":"https:\/\/oceansdistillery.com\/en\/our-rums\/","title":{"rendered":"Our rums"},"content":{"rendered":"<div data-elementor-type=\"wp-page\" data-elementor-id=\"21\" class=\"elementor elementor-21\">\n\t\t\t\t\t\t<section class=\"elementor-section elementor-top-section elementor-element elementor-element-2a52fe37 elementor-section-full_width elementor-section-height-min-height elementor-section-height-default elementor-section-items-middle\" data-id=\"2a52fe37\" data-element_type=\"section\" data-settings=\"{&quot;background_background&quot;:&quot;video&quot;,&quot;background_video_link&quot;:&quot;https:\\\/\\\/oceansdistillery.com\\\/wp-content\\\/uploads\\\/2023\\\/04\\\/ocenas.mp4&quot;}\">\n\t\t\t\t\t\t\t\t<div class=\"elementor-background-video-container elementor-hidden-phone\">\n\t\t\t\t\t\t\t\t\t\t\t\t\t<video class=\"elementor-background-video-hosted elementor-html5-video\" autoplay muted playsinline loop><\/video>\n\t\t\t\t\t\t\t\t\t\t\t<\/div>\n\t\t\t\t\t\t\t\t\t<div class=\"elementor-background-overlay\"><\/div>\n\t\t\t\t\t\t\t<div class=\"elementor-container elementor-column-gap-default\">\n\t\t\t\t\t<div class=\"elementor-column elementor-col-100 elementor-top-column elementor-element elementor-element-2bd9bc7a\" data-id=\"2bd9bc7a\" data-element_type=\"column\">\n\t\t\t<div class=\"elementor-widget-wrap elementor-element-populated\">\n\t\t\t\t\t\t<div class=\"elementor-element elementor-element-cd77e86 elementor-widget elementor-widget-html\" data-id=\"cd77e86\" data-element_type=\"widget\" data-widget_type=\"html.default\">\n\t\t\t\t<div class=\"elementor-widget-container\">\n\t\t\t<div id=\"titular-section\">\n<h1 class=\"h1section gold2\">Our rums <\/h1>\n<\/div>\t\t<\/div>\n\t\t\t\t<\/div>\n\t\t\t\t\t<\/div>\n\t\t<\/div>\n\t\t\t\t\t<\/div>\n\t\t<\/section>\n\t\t\t\t<section class=\"elementor-section elementor-top-section elementor-element elementor-element-61c44688 elementor-section-boxed elementor-section-height-default elementor-section-height-default\" data-id=\"61c44688\" data-element_type=\"section\" data-settings=\"{&quot;background_background&quot;:&quot;classic&quot;}\">\n\t\t\t\t\t\t<div class=\"elementor-container elementor-column-gap-default\">\n\t\t\t\t\t<div class=\"elementor-column elementor-col-100 elementor-top-column elementor-element elementor-element-c1248c9\" data-id=\"c1248c9\" data-element_type=\"column\">\n\t\t\t<div class=\"elementor-widget-wrap elementor-element-populated\">\n\t\t\t\t\t\t<div class=\"elementor-element elementor-element-4eb0609f elementor-widget elementor-widget-html\" data-id=\"4eb0609f\" data-element_type=\"widget\" data-widget_type=\"html.default\">\n\t\t\t\t<div class=\"elementor-widget-container\">\n\t\t\t<div class=\"section-art-blending\"><p class=\"spansection\" >Finest Blended Run<\/p>\n<h2 class=\"h2section black2\">Our proud <br> selection of rums<\/h2>\n<\/div>\n<div id=\"nuestros-rones-content\" class=\"texto-contenido\"><p> We focus our efforts on the development and detailed study of alternative production techniques that allow us to continuously and efficiently improve upon traditional methods for crafting rum. <\/p><p>\n\nWe remain aware of the effects that climate, wood, and time have on rum, making it essential for us to conduct a detailed study of cooperage as an effective way to understand and deeply comprehend the interrelationship that occurs among them. <\/p>\n<p>\nThus, we proudly present our selection of exceptional quality rums, crafted following the use of best practices and respecting the traditional, artisanal, and natural production of rum.<\/p><\/div>\n<div id=\"links-ron\">\n<a href=\"https:\/\/oceansdistillery.com\/en\/rum-oceans-deep\/\" class=\"gold\">Deep<\/a>\n<a href=\"https:\/\/oceansdistillery.com\/en\/rum-oceans-mellow\/\" class=\"gold\">Mellow<\/a>\n<a href=\"https:\/\/oceansdistillery.com\/en\/rum-oceans-tasty\/\" class=\"gold\">Tasty<\/a>\n<\/div>\t\t<\/div>\n\t\t\t\t<\/div>\n\t\t\t\t\t<\/div>\n\t\t<\/div>\n\t\t\t\t\t<\/div>\n\t\t<\/section>\n\t\t\t\t<section class=\"elementor-section elementor-top-section elementor-element elementor-element-ed1a210 elementor-section-boxed elementor-section-height-default elementor-section-height-default\" data-id=\"ed1a210\" data-element_type=\"section\">\n\t\t\t\t\t\t<div class=\"elementor-container elementor-column-gap-default\">\n\t\t\t\t\t<div class=\"elementor-column elementor-col-33 elementor-top-column elementor-element elementor-element-4129a99\" data-id=\"4129a99\" data-element_type=\"column\">\n\t\t\t<div class=\"elementor-widget-wrap elementor-element-populated\">\n\t\t\t\t\t\t<div class=\"elementor-element elementor-element-ea86978 e-transform elementor-widget elementor-widget-image\" data-id=\"ea86978\" data-element_type=\"widget\" data-settings=\"{&quot;_transform_scale_effect_hover&quot;:{&quot;unit&quot;:&quot;px&quot;,&quot;size&quot;:&quot;&quot;,&quot;sizes&quot;:[]},&quot;_transform_scale_effect_hover_tablet&quot;:{&quot;unit&quot;:&quot;px&quot;,&quot;size&quot;:&quot;&quot;,&quot;sizes&quot;:[]},&quot;_transform_scale_effect_hover_mobile&quot;:{&quot;unit&quot;:&quot;px&quot;,&quot;size&quot;:&quot;&quot;,&quot;sizes&quot;:[]}}\" data-widget_type=\"image.default\">\n\t\t\t\t<div class=\"elementor-widget-container\">\n\t\t\t<style>\/*! elementor - v3.20.0 - 13-03-2024 *\/\n.elementor-widget-image{text-align:center}.elementor-widget-image a{display:inline-block}.elementor-widget-image a img[src$=\".svg\"]{width:48px}.elementor-widget-image img{vertical-align:middle;display:inline-block}<\/style>\t\t\t\t\t\t\t\t\t\t\t<a href=\"https:\/\/oceansdistillery.com\/en\/rum-oceans-deep\/\">\n\t\t\t\t\t\t\t<img fetchpriority=\"high\" decoding=\"async\" width=\"500\" height=\"300\" src=\"https:\/\/oceansdistillery.com\/wp-content\/uploads\/2023\/06\/deep-ron-hover.jpg\" class=\"attachment-large size-large wp-image-1322\" alt=\"Link hacia la p\u00e1gina dedicada al ron Deep\" srcset=\"https:\/\/oceansdistillery.com\/wp-content\/uploads\/2023\/06\/deep-ron-hover.jpg 500w, https:\/\/oceansdistillery.com\/wp-content\/uploads\/2023\/06\/deep-ron-hover-150x90.jpg 150w, https:\/\/oceansdistillery.com\/wp-content\/uploads\/2023\/06\/deep-ron-hover-200x120.jpg 200w, https:\/\/oceansdistillery.com\/wp-content\/uploads\/2023\/06\/deep-ron-hover-300x180.jpg 300w\" sizes=\"(max-width: 500px) 100vw, 500px\" \/>\t\t\t\t\t\t\t\t<\/a>\n\t\t\t\t\t\t\t\t\t\t\t\t\t<\/div>\n\t\t\t\t<\/div>\n\t\t\t\t\t<\/div>\n\t\t<\/div>\n\t\t\t\t<div class=\"elementor-column elementor-col-33 elementor-top-column elementor-element elementor-element-a50883e\" data-id=\"a50883e\" data-element_type=\"column\">\n\t\t\t<div class=\"elementor-widget-wrap elementor-element-populated\">\n\t\t\t\t\t\t<div class=\"elementor-element elementor-element-f20c801 elementor-widget elementor-widget-image\" data-id=\"f20c801\" data-element_type=\"widget\" data-widget_type=\"image.default\">\n\t\t\t\t<div class=\"elementor-widget-container\">\n\t\t\t\t\t\t\t\t\t\t\t\t\t\t<a href=\"https:\/\/oceansdistillery.com\/en\/rum-oceans-mellow\/\">\n\t\t\t\t\t\t\t<img decoding=\"async\" width=\"500\" height=\"300\" src=\"https:\/\/oceansdistillery.com\/wp-content\/uploads\/2023\/06\/mellow-ron-hover.jpg\" class=\"attachment-large size-large wp-image-1324\" alt=\"Link hacia la p\u00e1gina dedicada al ron Mellow\" srcset=\"https:\/\/oceansdistillery.com\/wp-content\/uploads\/2023\/06\/mellow-ron-hover.jpg 500w, https:\/\/oceansdistillery.com\/wp-content\/uploads\/2023\/06\/mellow-ron-hover-150x90.jpg 150w, https:\/\/oceansdistillery.com\/wp-content\/uploads\/2023\/06\/mellow-ron-hover-200x120.jpg 200w, https:\/\/oceansdistillery.com\/wp-content\/uploads\/2023\/06\/mellow-ron-hover-300x180.jpg 300w\" sizes=\"(max-width: 500px) 100vw, 500px\" \/>\t\t\t\t\t\t\t\t<\/a>\n\t\t\t\t\t\t\t\t\t\t\t\t\t<\/div>\n\t\t\t\t<\/div>\n\t\t\t\t\t<\/div>\n\t\t<\/div>\n\t\t\t\t<div class=\"elementor-column elementor-col-33 elementor-top-column elementor-element elementor-element-17c06cb\" data-id=\"17c06cb\" data-element_type=\"column\">\n\t\t\t<div class=\"elementor-widget-wrap elementor-element-populated\">\n\t\t\t\t\t\t<div class=\"elementor-element elementor-element-5366abf elementor-widget elementor-widget-image\" data-id=\"5366abf\" data-element_type=\"widget\" data-widget_type=\"image.default\">\n\t\t\t\t<div class=\"elementor-widget-container\">\n\t\t\t\t\t\t\t\t\t\t\t\t\t\t<a href=\"https:\/\/oceansdistillery.com\/en\/rum-oceans-tasty\/\">\n\t\t\t\t\t\t\t<img decoding=\"async\" width=\"500\" height=\"300\" src=\"https:\/\/oceansdistillery.com\/wp-content\/uploads\/2023\/06\/tasty-ron-hover.jpg\" class=\"attachment-large size-large wp-image-1326\" alt=\"Link hacia la p\u00e1gina dedicada al ron Tasty\" srcset=\"https:\/\/oceansdistillery.com\/wp-content\/uploads\/2023\/06\/tasty-ron-hover.jpg 500w, https:\/\/oceansdistillery.com\/wp-content\/uploads\/2023\/06\/tasty-ron-hover-150x90.jpg 150w, https:\/\/oceansdistillery.com\/wp-content\/uploads\/2023\/06\/tasty-ron-hover-200x120.jpg 200w, https:\/\/oceansdistillery.com\/wp-content\/uploads\/2023\/06\/tasty-ron-hover-300x180.jpg 300w\" sizes=\"(max-width: 500px) 100vw, 500px\" \/>\t\t\t\t\t\t\t\t<\/a>\n\t\t\t\t\t\t\t\t\t\t\t\t\t<\/div>\n\t\t\t\t<\/div>\n\t\t\t\t\t<\/div>\n\t\t<\/div>\n\t\t\t\t\t<\/div>\n\t\t<\/section>\n\t\t\t\t<\/div>","protected":false},"excerpt":{"rendered":"<p>Nuestros rones Finest Blended Run Nuestra orgullosa selecci\u00f3n de rones Centramos nuestros esfuerzos en el desarrollo y estudio pormenorizado de t\u00e9cnicas alternativas de producci\u00f3n que nos permitan mejorar de forma eficiente y continuada los m\u00e9todos tradicionales para la elaboraci\u00f3n del Ron. Seguimos siendo conscientes de los efectos que el clima, la madera y el tiempo [&hellip;]<\/p>","protected":false},"author":1,"featured_media":0,"parent":0,"menu_order":0,"comment_status":"closed","ping_status":"closed","template":"","meta":{"site-sidebar-layout":"no-sidebar","site-content-layout":"page-builder","ast-site-content-layout":"","site-content-style":"default","site-sidebar-style":"default","ast-global-header-display":"","ast-banner-title-visibility":"","ast-main-header-display":"","ast-hfb-above-header-display":"","ast-hfb-below-header-display":"","ast-hfb-mobile-header-display":"","site-post-title":"disabled","ast-breadcrumbs-content":"","ast-featured-img":"disabled","footer-sml-layout":"","theme-transparent-header-meta":"","adv-header-id-meta":"","stick-header-meta":"","header-above-stick-meta":"","header-main-stick-meta":"","header-below-stick-meta":"","astra-migrate-meta-layouts":"default","ast-page-background-enabled":"default","ast-page-background-meta":{"desktop":{"background-color":"var(--ast-global-color-4)","background-image":"","background-repeat":"repeat","background-position":"center center","background-size":"auto","background-attachment":"scroll","background-type":"","background-media":"","overlay-type":"","overlay-color":"","overlay-gradient":""},"tablet":{"background-color":"","background-image":"","background-repeat":"repeat","background-position":"center center","background-size":"auto","background-attachment":"scroll","background-type":"","background-media":"","overlay-type":"","overlay-color":"","overlay-gradient":""},"mobile":{"background-color":"","background-image":"","background-repeat":"repeat","background-position":"center center","background-size":"auto","background-attachment":"scroll","background-type":"","background-media":"","overlay-type":"","overlay-color":"","overlay-gradient":""}},"ast-content-background-meta":{"desktop":{"background-color":"var(--ast-global-color-5)","background-image":"","background-repeat":"repeat","background-position":"center center","background-size":"auto","background-attachment":"scroll","background-type":"","background-media":"","overlay-type":"","overlay-color":"","overlay-gradient":""},"tablet":{"background-color":"var(--ast-global-color-5)","background-image":"","background-repeat":"repeat","background-position":"center center","background-size":"auto","background-attachment":"scroll","background-type":"","background-media":"","overlay-type":"","overlay-color":"","overlay-gradient":""},"mobile":{"background-color":"var(--ast-global-color-5)","background-image":"","background-repeat":"repeat","background-position":"center center","background-size":"auto","background-attachment":"scroll","background-type":"","background-media":"","overlay-type":"","overlay-color":"","overlay-gradient":""}},"footnotes":""},"yoast_head":"<!-- This site is optimized with the Yoast SEO plugin v22.2 - https:\/\/yoast.com\/wordpress\/plugins\/seo\/ -->\n<title>Nuestros rones - Cat\u00e1logo Ocean&#039;s Distillery<\/title>\n<meta name=\"description\" content=\"Nuestra orgullosa selecci\u00f3n de rones de excepcional calidad de elaboraci\u00f3n tradicional, artesanal y natural del Ron. \u00a1Desc\u00fabrelos!\" \/>\n<meta name=\"robots\" content=\"index, follow, max-snippet:-1, max-image-preview:large, max-video-preview:-1\" \/>\n<link rel=\"canonical\" href=\"https:\/\/oceansdistillery.com\/en\/our-rums\/\" \/>\n<meta property=\"og:locale\" content=\"en_GB\" \/>\n<meta property=\"og:type\" content=\"article\" \/>\n<meta property=\"og:title\" content=\"Nuestros rones - Cat\u00e1logo Ocean&#039;s Distillery\" \/>\n<meta property=\"og:description\" content=\"Nuestra orgullosa selecci\u00f3n de rones de excepcional calidad de elaboraci\u00f3n tradicional, artesanal y natural del Ron. \u00a1Desc\u00fabrelos!\" \/>\n<meta property=\"og:url\" content=\"https:\/\/oceansdistillery.com\/en\/our-rums\/\" \/>\n<meta property=\"og:site_name\" content=\"Ocean&#039;s Distillery\" \/>\n<meta property=\"article:modified_time\" content=\"2023-06-18T16:54:46+00:00\" \/>\n<meta property=\"og:image\" content=\"https:\/\/oceansdistillery.com\/wp-content\/uploads\/2023\/06\/deep-ron-hover.jpg\" \/>\n<meta name=\"twitter:card\" content=\"summary_large_image\" \/>\n<meta name=\"twitter:label1\" content=\"Estimated reading time\" \/>\n\t<meta name=\"twitter:data1\" content=\"2 minutes\" \/>\n<script type=\"application\/ld+json\" class=\"yoast-schema-graph\">{\"@context\":\"https:\/\/schema.org\",\"@graph\":[{\"@type\":\"WebPage\",\"@id\":\"https:\/\/oceansdistillery.com\/nuestros-rones\/\",\"url\":\"https:\/\/oceansdistillery.com\/nuestros-rones\/\",\"name\":\"Nuestros rones - Cat\u00e1logo Ocean's Distillery\",\"isPartOf\":{\"@id\":\"https:\/\/oceansdistillery.com\/#website\"},\"primaryImageOfPage\":{\"@id\":\"https:\/\/oceansdistillery.com\/nuestros-rones\/#primaryimage\"},\"image\":{\"@id\":\"https:\/\/oceansdistillery.com\/nuestros-rones\/#primaryimage\"},\"thumbnailUrl\":\"https:\/\/oceansdistillery.com\/wp-content\/uploads\/2023\/06\/deep-ron-hover.jpg\",\"datePublished\":\"2023-04-03T16:31:04+00:00\",\"dateModified\":\"2023-06-18T16:54:46+00:00\",\"description\":\"Nuestra orgullosa selecci\u00f3n de rones de excepcional calidad de elaboraci\u00f3n tradicional, artesanal y natural del Ron. \u00a1Desc\u00fabrelos!\",\"breadcrumb\":{\"@id\":\"https:\/\/oceansdistillery.com\/nuestros-rones\/#breadcrumb\"},\"inLanguage\":\"en-GB\",\"potentialAction\":[{\"@type\":\"ReadAction\",\"target\":[\"https:\/\/oceansdistillery.com\/nuestros-rones\/\"]}]},{\"@type\":\"ImageObject\",\"inLanguage\":\"en-GB\",\"@id\":\"https:\/\/oceansdistillery.com\/nuestros-rones\/#primaryimage\",\"url\":\"https:\/\/oceansdistillery.com\/wp-content\/uploads\/2023\/06\/deep-ron-hover.jpg\",\"contentUrl\":\"https:\/\/oceansdistillery.com\/wp-content\/uploads\/2023\/06\/deep-ron-hover.jpg\",\"width\":500,\"height\":300,\"caption\":\"Link hacia la p\u00e1gina dedicada al ron Deep\"},{\"@type\":\"BreadcrumbList\",\"@id\":\"https:\/\/oceansdistillery.com\/nuestros-rones\/#breadcrumb\",\"itemListElement\":[{\"@type\":\"ListItem\",\"position\":1,\"name\":\"Portada\",\"item\":\"https:\/\/oceansdistillery.com\/\"},{\"@type\":\"ListItem\",\"position\":2,\"name\":\"Nuestros rones\"}]},{\"@type\":\"WebSite\",\"@id\":\"https:\/\/oceansdistillery.com\/#website\",\"url\":\"https:\/\/oceansdistillery.com\/\",\"name\":\"Ocean's Distillery\",\"description\":\"\",\"publisher\":{\"@id\":\"https:\/\/oceansdistillery.com\/#organization\"},\"potentialAction\":[{\"@type\":\"SearchAction\",\"target\":{\"@type\":\"EntryPoint\",\"urlTemplate\":\"https:\/\/oceansdistillery.com\/?s={search_term_string}\"},\"query-input\":\"required name=search_term_string\"}],\"inLanguage\":\"en-GB\"},{\"@type\":\"Organization\",\"@id\":\"https:\/\/oceansdistillery.com\/#organization\",\"name\":\"Ocean's Distillery\",\"url\":\"https:\/\/oceansdistillery.com\/\",\"logo\":{\"@type\":\"ImageObject\",\"inLanguage\":\"en-GB\",\"@id\":\"https:\/\/oceansdistillery.com\/#\/schema\/logo\/image\/\",\"url\":\"https:\/\/oceansdistillery.com\/wp-content\/uploads\/2023\/04\/oceans-distillery-logo.svg\",\"contentUrl\":\"https:\/\/oceansdistillery.com\/wp-content\/uploads\/2023\/04\/oceans-distillery-logo.svg\",\"width\":250,\"height\":202,\"caption\":\"Ocean's Distillery\"},\"image\":{\"@id\":\"https:\/\/oceansdistillery.com\/#\/schema\/logo\/image\/\"}}]}<\/script>\n<!-- \/ Yoast SEO plugin. -->","yoast_head_json":{"title":"Nuestros rones - Cat\u00e1logo Ocean's Distillery","description":"Nuestra orgullosa selecci\u00f3n de rones de excepcional calidad de elaboraci\u00f3n tradicional, artesanal y natural del Ron. \u00a1Desc\u00fabrelos!","robots":{"index":"index","follow":"follow","max-snippet":"max-snippet:-1","max-image-preview":"max-image-preview:large","max-video-preview":"max-video-preview:-1"},"canonical":"https:\/\/oceansdistillery.com\/en\/our-rums\/","og_locale":"en_GB","og_type":"article","og_title":"Nuestros rones - Cat\u00e1logo Ocean's Distillery","og_description":"Nuestra orgullosa selecci\u00f3n de rones de excepcional calidad de elaboraci\u00f3n tradicional, artesanal y natural del Ron. \u00a1Desc\u00fabrelos!","og_url":"https:\/\/oceansdistillery.com\/en\/our-rums\/","og_site_name":"Ocean's Distillery","article_modified_time":"2023-06-18T16:54:46+00:00","og_image":[{"url":"https:\/\/oceansdistillery.com\/wp-content\/uploads\/2023\/06\/deep-ron-hover.jpg"}],"twitter_card":"summary_large_image","twitter_misc":{"Estimated reading time":"2 minutes"},"schema":{"@context":"https:\/\/schema.org","@graph":[{"@type":"WebPage","@id":"https:\/\/oceansdistillery.com\/nuestros-rones\/","url":"https:\/\/oceansdistillery.com\/nuestros-rones\/","name":"Nuestros rones - Cat\u00e1logo Ocean's Distillery","isPartOf":{"@id":"https:\/\/oceansdistillery.com\/#website"},"primaryImageOfPage":{"@id":"https:\/\/oceansdistillery.com\/nuestros-rones\/#primaryimage"},"image":{"@id":"https:\/\/oceansdistillery.com\/nuestros-rones\/#primaryimage"},"thumbnailUrl":"https:\/\/oceansdistillery.com\/wp-content\/uploads\/2023\/06\/deep-ron-hover.jpg","datePublished":"2023-04-03T16:31:04+00:00","dateModified":"2023-06-18T16:54:46+00:00","description":"Nuestra orgullosa selecci\u00f3n de rones de excepcional calidad de elaboraci\u00f3n tradicional, artesanal y natural del Ron. \u00a1Desc\u00fabrelos!","breadcrumb":{"@id":"https:\/\/oceansdistillery.com\/nuestros-rones\/#breadcrumb"},"inLanguage":"en-GB","potentialAction":[{"@type":"ReadAction","target":["https:\/\/oceansdistillery.com\/nuestros-rones\/"]}]},{"@type":"ImageObject","inLanguage":"en-GB","@id":"https:\/\/oceansdistillery.com\/nuestros-rones\/#primaryimage","url":"https:\/\/oceansdistillery.com\/wp-content\/uploads\/2023\/06\/deep-ron-hover.jpg","contentUrl":"https:\/\/oceansdistillery.com\/wp-content\/uploads\/2023\/06\/deep-ron-hover.jpg","width":500,"height":300,"caption":"Link hacia la p\u00e1gina dedicada al ron Deep"},{"@type":"BreadcrumbList","@id":"https:\/\/oceansdistillery.com\/nuestros-rones\/#breadcrumb","itemListElement":[{"@type":"ListItem","position":1,"name":"Portada","item":"https:\/\/oceansdistillery.com\/"},{"@type":"ListItem","position":2,"name":"Nuestros rones"}]},{"@type":"WebSite","@id":"https:\/\/oceansdistillery.com\/#website","url":"https:\/\/oceansdistillery.com\/","name":"Ocean's Distillery","description":"","publisher":{"@id":"https:\/\/oceansdistillery.com\/#organization"},"potentialAction":[{"@type":"SearchAction","target":{"@type":"EntryPoint","urlTemplate":"https:\/\/oceansdistillery.com\/?s={search_term_string}"},"query-input":"required name=search_term_string"}],"inLanguage":"en-GB"},{"@type":"Organization","@id":"https:\/\/oceansdistillery.com\/#organization","name":"Ocean's Distillery","url":"https:\/\/oceansdistillery.com\/","logo":{"@type":"ImageObject","inLanguage":"en-GB","@id":"https:\/\/oceansdistillery.com\/#\/schema\/logo\/image\/","url":"https:\/\/oceansdistillery.com\/wp-content\/uploads\/2023\/04\/oceans-distillery-logo.svg","contentUrl":"https:\/\/oceansdistillery.com\/wp-content\/uploads\/2023\/04\/oceans-distillery-logo.svg","width":250,"height":202,"caption":"Ocean's Distillery"},"image":{"@id":"https:\/\/oceansdistillery.com\/#\/schema\/logo\/image\/"}}]}},"_links":{"self":[{"href":"https:\/\/oceansdistillery.com\/en\/wp-json\/wp\/v2\/pages\/21"}],"collection":[{"href":"https:\/\/oceansdistillery.com\/en\/wp-json\/wp\/v2\/pages"}],"about":[{"href":"https:\/\/oceansdistillery.com\/en\/wp-json\/wp\/v2\/types\/page"}],"author":[{"embeddable":true,"href":"https:\/\/oceansdistillery.com\/en\/wp-json\/wp\/v2\/users\/1"}],"replies":[{"embeddable":true,"href":"https:\/\/oceansdistillery.com\/en\/wp-json\/wp\/v2\/comments?post=21"}],"version-history":[{"count":62,"href":"https:\/\/oceansdistillery.com\/en\/wp-json\/wp\/v2\/pages\/21\/revisions"}],"predecessor-version":[{"id":1926,"href":"https:\/\/oceansdistillery.com\/en\/wp-json\/wp\/v2\/pages\/21\/revisions\/1926"}],"wp:attachment":[{"href":"https:\/\/oceansdistillery.com\/en\/wp-json\/wp\/v2\/media?parent=21"}],"curies":[{"name":"wp","href":"https:\/\/api.w.org\/{rel}","templated":true}]}}