{"id":23,"date":"2023-04-03T16:32:04","date_gmt":"2023-04-03T16:32:04","guid":{"rendered":"https:\/\/oceansdistillery.com\/?page_id=23"},"modified":"2023-06-18T16:41:04","modified_gmt":"2023-06-18T16:41:04","slug":"filosofia","status":"publish","type":"page","link":"https:\/\/oceansdistillery.com\/en\/philosophy\/","title":{"rendered":"Philosophy"},"content":{"rendered":"<div data-elementor-type=\"wp-page\" data-elementor-id=\"23\" class=\"elementor elementor-23\">\n\t\t\t\t\t\t<section class=\"elementor-section elementor-top-section elementor-element elementor-element-79262495 elementor-section-full_width elementor-section-height-min-height elementor-section-height-default elementor-section-items-middle\" data-id=\"79262495\" data-element_type=\"section\" data-settings=\"{&quot;background_background&quot;:&quot;video&quot;,&quot;background_video_link&quot;:&quot;https:\\\/\\\/oceansdistillery.com\\\/wp-content\\\/uploads\\\/2023\\\/04\\\/ocenas.mp4&quot;}\">\n\t\t\t\t\t\t\t\t<div class=\"elementor-background-video-container elementor-hidden-phone\">\n\t\t\t\t\t\t\t\t\t\t\t\t\t<video class=\"elementor-background-video-hosted elementor-html5-video\" autoplay muted playsinline loop><\/video>\n\t\t\t\t\t\t\t\t\t\t\t<\/div>\n\t\t\t\t\t\t\t\t\t<div class=\"elementor-background-overlay\"><\/div>\n\t\t\t\t\t\t\t<div class=\"elementor-container elementor-column-gap-default\">\n\t\t\t\t\t<div class=\"elementor-column elementor-col-100 elementor-top-column elementor-element elementor-element-7aebaf14\" data-id=\"7aebaf14\" data-element_type=\"column\">\n\t\t\t<div class=\"elementor-widget-wrap elementor-element-populated\">\n\t\t\t\t\t\t<div class=\"elementor-element elementor-element-22983e00 elementor-widget elementor-widget-html\" data-id=\"22983e00\" data-element_type=\"widget\" data-widget_type=\"html.default\">\n\t\t\t\t<div class=\"elementor-widget-container\">\n\t\t\t<div id=\"titular-section\">\n<h1 class=\"h1section gold2\">Our philosophy<\/h1>\n<\/div>\t\t<\/div>\n\t\t\t\t<\/div>\n\t\t\t\t\t<\/div>\n\t\t<\/div>\n\t\t\t\t\t<\/div>\n\t\t<\/section>\n\t\t\t\t<section class=\"elementor-section elementor-top-section elementor-element elementor-element-567b4372 elementor-section-boxed elementor-section-height-default elementor-section-height-default\" data-id=\"567b4372\" data-element_type=\"section\" data-settings=\"{&quot;background_background&quot;:&quot;classic&quot;}\">\n\t\t\t\t\t\t<div class=\"elementor-container elementor-column-gap-default\">\n\t\t\t\t\t<div class=\"elementor-column elementor-col-100 elementor-top-column elementor-element elementor-element-defb05b\" data-id=\"defb05b\" data-element_type=\"column\">\n\t\t\t<div class=\"elementor-widget-wrap elementor-element-populated\">\n\t\t\t\t\t\t<div class=\"elementor-element elementor-element-34cf5d2 elementor-widget elementor-widget-html\" data-id=\"34cf5d2\" data-element_type=\"widget\" data-widget_type=\"html.default\">\n\t\t\t\t<div class=\"elementor-widget-container\">\n\t\t\t<div class=\"section-art-blending\">\n<h2 class=\"h2section black2\">We depart from the ordinary, achieving a distinctive character that makes us unique and exclusive.<\/h2>\n<\/div>\t\t<\/div>\n\t\t\t\t<\/div>\n\t\t\t\t\t<\/div>\n\t\t<\/div>\n\t\t\t\t\t<\/div>\n\t\t<\/section>\n\t\t\t\t<section class=\"elementor-section elementor-top-section elementor-element elementor-element-aa7b1c3 elementor-section-content-middle elementor-section-boxed elementor-section-height-default elementor-section-height-default\" data-id=\"aa7b1c3\" data-element_type=\"section\" data-settings=\"{&quot;background_background&quot;:&quot;classic&quot;}\">\n\t\t\t\t\t\t<div class=\"elementor-container elementor-column-gap-no\">\n\t\t\t\t\t<div class=\"elementor-column elementor-col-100 elementor-top-column elementor-element elementor-element-3c7a0c84\" data-id=\"3c7a0c84\" data-element_type=\"column\">\n\t\t\t<div class=\"elementor-widget-wrap elementor-element-populated\">\n\t\t\t\t\t\t<section class=\"elementor-section elementor-inner-section elementor-element elementor-element-f59fcd elementor-section-content-middle elementor-section-boxed elementor-section-height-default elementor-section-height-default\" data-id=\"f59fcd\" data-element_type=\"section\">\n\t\t\t\t\t\t<div class=\"elementor-container elementor-column-gap-no\">\n\t\t\t\t\t<div class=\"elementor-column elementor-col-50 elementor-inner-column elementor-element elementor-element-748bdae\" data-id=\"748bdae\" data-element_type=\"column\">\n\t\t\t<div class=\"elementor-widget-wrap elementor-element-populated\">\n\t\t\t\t\t\t<div class=\"elementor-element elementor-element-76231667 elementor-widget elementor-widget-image\" data-id=\"76231667\" data-element_type=\"widget\" data-widget_type=\"image.default\">\n\t\t\t\t<div class=\"elementor-widget-container\">\n\t\t\t<style>\/*! elementor - v3.20.0 - 13-03-2024 *\/\n.elementor-widget-image{text-align:center}.elementor-widget-image a{display:inline-block}.elementor-widget-image a img[src$=\".svg\"]{width:48px}.elementor-widget-image img{vertical-align:middle;display:inline-block}<\/style>\t\t\t\t\t\t\t\t\t\t<img decoding=\"async\" src=\"https:\/\/oceansdistillery.com\/wp-content\/uploads\/elementor\/thumbs\/filosofia-3-q7yo43bjfemi6tt7i2xeqms547ukvqg76mud8jowe0.jpg\" title=\"Ancient sugarcane pressing machine.\" alt=\"Ancient sugarcane pressing machine.\" loading=\"lazy\" \/>\t\t\t\t\t\t\t\t\t\t\t\t\t<\/div>\n\t\t\t\t<\/div>\n\t\t\t\t\t<\/div>\n\t\t<\/div>\n\t\t\t\t<div class=\"elementor-column elementor-col-50 elementor-inner-column elementor-element elementor-element-4e29ba1e\" data-id=\"4e29ba1e\" data-element_type=\"column\">\n\t\t\t<div class=\"elementor-widget-wrap elementor-element-populated\">\n\t\t\t\t\t\t<div class=\"elementor-element elementor-element-beff63d elementor-widget elementor-widget-html\" data-id=\"beff63d\" data-element_type=\"widget\" data-widget_type=\"html.default\">\n\t\t\t\t<div class=\"elementor-widget-container\">\n\t\t\t<h2 class=\"h2section-product gold\">Blending <\/h2>\n<div class=\"filosofia-description\"><p>Man has been blending different elements to create new ones of greater complexity. It is even known in nature that a blend can give rise to a hybrid superior to its original components. Therefore, blending is an ancient art, hidden within the world of distillation, and it requires both technique and a high level of sensitivity. At Ocean's, the perfect balance in blending is called \"Singular Blend,\" and its ultimate goal is to enhance the virtues of the raw materials in the final product.  <\/p>\n\n<\/div>\t\t<\/div>\n\t\t\t\t<\/div>\n\t\t\t\t\t<\/div>\n\t\t<\/div>\n\t\t\t\t\t<\/div>\n\t\t<\/section>\n\t\t\t\t<section class=\"elementor-section elementor-inner-section elementor-element elementor-element-2c510860 elementor-section-content-middle elementor-reverse-tablet elementor-reverse-mobile elementor-section-boxed elementor-section-height-default elementor-section-height-default\" data-id=\"2c510860\" data-element_type=\"section\">\n\t\t\t\t\t\t<div class=\"elementor-container elementor-column-gap-no\">\n\t\t\t\t\t<div class=\"elementor-column elementor-col-50 elementor-inner-column elementor-element elementor-element-256d1c3b\" data-id=\"256d1c3b\" data-element_type=\"column\">\n\t\t\t<div class=\"elementor-widget-wrap elementor-element-populated\">\n\t\t\t\t\t\t<div class=\"elementor-element elementor-element-70fd80e elementor-widget elementor-widget-html\" data-id=\"70fd80e\" data-element_type=\"widget\" data-widget_type=\"html.default\">\n\t\t\t\t<div class=\"elementor-widget-container\">\n\t\t\t<h2 class=\"h2section-product gold\">Singularity <\/h2>\n<div class=\"filosofia-description\"><p>Ocean's Rum sets itself apart from the ordinary, achieving a distinctive character that makes it unique and exclusive. The limited edition of each of our products will make them accessible to only a few privileged individuals, turning them into precious treasures that the most daring pirates would be willing to sail the oceans in search of. \n\n <\/p>\n\n<\/div>\t\t<\/div>\n\t\t\t\t<\/div>\n\t\t\t\t\t<\/div>\n\t\t<\/div>\n\t\t\t\t<div class=\"elementor-column elementor-col-50 elementor-inner-column elementor-element elementor-element-5e967d8f\" data-id=\"5e967d8f\" data-element_type=\"column\">\n\t\t\t<div class=\"elementor-widget-wrap elementor-element-populated\">\n\t\t\t\t\t\t<div class=\"elementor-element elementor-element-10080f2b elementor-widget elementor-widget-image\" data-id=\"10080f2b\" data-element_type=\"widget\" data-widget_type=\"image.default\">\n\t\t\t\t<div class=\"elementor-widget-container\">\n\t\t\t\t\t\t\t\t\t\t\t\t\t<img decoding=\"async\" src=\"https:\/\/oceansdistillery.com\/wp-content\/uploads\/elementor\/thumbs\/filosofia-1-q7yo472w6qrnh9nqw4jx0ltzhrc1qiv4j5gb5njbp4.jpg\" title=\"Interior of a wooden pirate\" alt=\"Interior of a wooden pirate ship with rum barrels\" loading=\"lazy\" \/>\t\t\t\t\t\t\t\t\t\t\t\t\t<\/div>\n\t\t\t\t<\/div>\n\t\t\t\t\t<\/div>\n\t\t<\/div>\n\t\t\t\t\t<\/div>\n\t\t<\/section>\n\t\t\t\t<section class=\"elementor-section elementor-inner-section elementor-element elementor-element-5c84f2f elementor-section-content-middle elementor-section-boxed elementor-section-height-default elementor-section-height-default\" data-id=\"5c84f2f\" data-element_type=\"section\">\n\t\t\t\t\t\t<div class=\"elementor-container elementor-column-gap-no\">\n\t\t\t\t\t<div class=\"elementor-column elementor-col-50 elementor-inner-column elementor-element elementor-element-f1ae998\" data-id=\"f1ae998\" data-element_type=\"column\">\n\t\t\t<div class=\"elementor-widget-wrap elementor-element-populated\">\n\t\t\t\t\t\t<div class=\"elementor-element elementor-element-664c9d0 elementor-widget elementor-widget-image\" data-id=\"664c9d0\" data-element_type=\"widget\" data-widget_type=\"image.default\">\n\t\t\t\t<div class=\"elementor-widget-container\">\n\t\t\t\t\t\t\t\t\t\t\t\t\t<img decoding=\"async\" src=\"https:\/\/oceansdistillery.com\/wp-content\/uploads\/elementor\/thumbs\/filosofia-2-q7yo4577t2p2u1qh73qnvmb2azlbb4nnuw5c73m41k.jpg\" title=\"filosofia-2\" alt=\"Objetos antiguos de barco\" loading=\"lazy\" \/>\t\t\t\t\t\t\t\t\t\t\t\t\t<\/div>\n\t\t\t\t<\/div>\n\t\t\t\t\t<\/div>\n\t\t<\/div>\n\t\t\t\t<div class=\"elementor-column elementor-col-50 elementor-inner-column elementor-element elementor-element-9b781cc\" data-id=\"9b781cc\" data-element_type=\"column\">\n\t\t\t<div class=\"elementor-widget-wrap elementor-element-populated\">\n\t\t\t\t\t\t<div class=\"elementor-element elementor-element-3ac8994 elementor-widget elementor-widget-html\" data-id=\"3ac8994\" data-element_type=\"widget\" data-widget_type=\"html.default\">\n\t\t\t\t<div class=\"elementor-widget-container\">\n\t\t\t<h2 class=\"h2section-product gold\">Search <\/h2>\n<div class=\"filosofia-description\"><p>We embark on the search for a new concept, something different, fresh, and unknown. The uncommon combination of experience, creativity, and technical skills cherished by our master blender guides us on this fascinating journey.<\/p> <p> Extensive experience in the distillation industry has allowed us to store thousands of individual spirits aromas in our logbook for decades. Imagination enables us to evoke new experiences, while technical skills play a crucial role in knowing exactly when a distilled spirit reaches its perfect maturation point.<\/p>\n\n\n<\/div>\t\t<\/div>\n\t\t\t\t<\/div>\n\t\t\t\t\t<\/div>\n\t\t<\/div>\n\t\t\t\t\t<\/div>\n\t\t<\/section>\n\t\t\t\t<section class=\"elementor-section elementor-inner-section elementor-element elementor-element-eb733ae elementor-section-content-middle elementor-reverse-mobile elementor-reverse-tablet elementor-section-boxed elementor-section-height-default elementor-section-height-default\" data-id=\"eb733ae\" data-element_type=\"section\">\n\t\t\t\t\t\t<div class=\"elementor-container elementor-column-gap-no\">\n\t\t\t\t\t<div class=\"elementor-column elementor-col-50 elementor-inner-column elementor-element elementor-element-b71cf6e\" data-id=\"b71cf6e\" data-element_type=\"column\">\n\t\t\t<div class=\"elementor-widget-wrap elementor-element-populated\">\n\t\t\t\t\t\t<div class=\"elementor-element elementor-element-387016b elementor-widget elementor-widget-html\" data-id=\"387016b\" data-element_type=\"widget\" data-widget_type=\"html.default\">\n\t\t\t\t<div class=\"elementor-widget-container\">\n\t\t\t<h2 class=\"h2section-product gold\"> \tPurity <\/h2>\n<div class=\"filosofia-description\"><p>At the end of our journey, we have discovered the essence of rum, the TRUTH of rum. And this truth is nothing but the perfect balance between tradition, innovation, naturalness, exceptional quality, and delicacy in each step followed during the production process. \n\n <\/p>\n\n<\/div>\t\t<\/div>\n\t\t\t\t<\/div>\n\t\t\t\t\t<\/div>\n\t\t<\/div>\n\t\t\t\t<div class=\"elementor-column elementor-col-50 elementor-inner-column elementor-element elementor-element-f237ae3\" data-id=\"f237ae3\" data-element_type=\"column\">\n\t\t\t<div class=\"elementor-widget-wrap elementor-element-populated\">\n\t\t\t\t\t\t<div class=\"elementor-element elementor-element-ac2d353 elementor-widget elementor-widget-image\" data-id=\"ac2d353\" data-element_type=\"widget\" data-widget_type=\"image.default\">\n\t\t\t\t<div class=\"elementor-widget-container\">\n\t\t\t\t\t\t\t\t\t\t\t\t\t<img decoding=\"async\" src=\"https:\/\/oceansdistillery.com\/wp-content\/uploads\/elementor\/thumbs\/filosofia-4-q7yo40i0uwin7zxayjpj15hrc28h8n5068vwspt2wo.jpg\" title=\"filosofia-4\" alt=\"C\u00e1lida luz amarilla retro de un faro\" loading=\"lazy\" \/>\t\t\t\t\t\t\t\t\t\t\t\t\t<\/div>\n\t\t\t\t<\/div>\n\t\t\t\t\t<\/div>\n\t\t<\/div>\n\t\t\t\t\t<\/div>\n\t\t<\/section>\n\t\t\t\t\t<\/div>\n\t\t<\/div>\n\t\t\t\t\t<\/div>\n\t\t<\/section>\n\t\t\t\t<\/div>","protected":false},"excerpt":{"rendered":"<p>Nuestra filosof\u00eda Nos alejamos de lo com\u00fan consiguiendo un car\u00e1cter distintivo que nos hace \u00fanicos y exclusivos Blending El hombre ha venido mezclando elementos distintos, para lograr a partir de ellos, otros nuevos de mayor complejidad. Se conoc\u00eda incluso en la naturaleza, el hecho de que una mezcla puede hacer surgir un h\u00edbrido superior a [&hellip;]<\/p>","protected":false},"author":1,"featured_media":0,"parent":0,"menu_order":0,"comment_status":"closed","ping_status":"closed","template":"","meta":{"site-sidebar-layout":"no-sidebar","site-content-layout":"page-builder","ast-site-content-layout":"","site-content-style":"default","site-sidebar-style":"default","ast-global-header-display":"","ast-banner-title-visibility":"","ast-main-header-display":"","ast-hfb-above-header-display":"","ast-hfb-below-header-display":"","ast-hfb-mobile-header-display":"","site-post-title":"disabled","ast-breadcrumbs-content":"","ast-featured-img":"disabled","footer-sml-layout":"","theme-transparent-header-meta":"","adv-header-id-meta":"","stick-header-meta":"","header-above-stick-meta":"","header-main-stick-meta":"","header-below-stick-meta":"","astra-migrate-meta-layouts":"default","ast-page-background-enabled":"default","ast-page-background-meta":{"desktop":{"background-color":"var(--ast-global-color-4)","background-image":"","background-repeat":"repeat","background-position":"center center","background-size":"auto","background-attachment":"scroll","background-type":"","background-media":"","overlay-type":"","overlay-color":"","overlay-gradient":""},"tablet":{"background-color":"","background-image":"","background-repeat":"repeat","background-position":"center center","background-size":"auto","background-attachment":"scroll","background-type":"","background-media":"","overlay-type":"","overlay-color":"","overlay-gradient":""},"mobile":{"background-color":"","background-image":"","background-repeat":"repeat","background-position":"center center","background-size":"auto","background-attachment":"scroll","background-type":"","background-media":"","overlay-type":"","overlay-color":"","overlay-gradient":""}},"ast-content-background-meta":{"desktop":{"background-color":"var(--ast-global-color-5)","background-image":"","background-repeat":"repeat","background-position":"center center","background-size":"auto","background-attachment":"scroll","background-type":"","background-media":"","overlay-type":"","overlay-color":"","overlay-gradient":""},"tablet":{"background-color":"var(--ast-global-color-5)","background-image":"","background-repeat":"repeat","background-position":"center center","background-size":"auto","background-attachment":"scroll","background-type":"","background-media":"","overlay-type":"","overlay-color":"","overlay-gradient":""},"mobile":{"background-color":"var(--ast-global-color-5)","background-image":"","background-repeat":"repeat","background-position":"center center","background-size":"auto","background-attachment":"scroll","background-type":"","background-media":"","overlay-type":"","overlay-color":"","overlay-gradient":""}},"footnotes":""},"yoast_head":"<!-- This site is optimized with the Yoast SEO plugin v22.2 - https:\/\/yoast.com\/wordpress\/plugins\/seo\/ -->\n<title>Nuestra filosof\u00eda - Ocean&#039;s Distillery<\/title>\n<meta name=\"description\" content=\"Nos alejamos de lo com\u00fan, consiguiendo un car\u00e1cter distintivo que nos hace \u00fanicos y exclusivos. \u00a1Descubre nuestra filosof\u00eda!\" \/>\n<meta name=\"robots\" content=\"index, follow, max-snippet:-1, max-image-preview:large, max-video-preview:-1\" \/>\n<link rel=\"canonical\" href=\"https:\/\/oceansdistillery.com\/en\/philosophy\/\" \/>\n<meta property=\"og:locale\" content=\"en_GB\" \/>\n<meta property=\"og:type\" content=\"article\" \/>\n<meta property=\"og:title\" content=\"Nuestra filosof\u00eda - Ocean&#039;s Distillery\" \/>\n<meta property=\"og:description\" content=\"Nos alejamos de lo com\u00fan, consiguiendo un car\u00e1cter distintivo que nos hace \u00fanicos y exclusivos. \u00a1Descubre nuestra filosof\u00eda!\" \/>\n<meta property=\"og:url\" content=\"https:\/\/oceansdistillery.com\/en\/philosophy\/\" \/>\n<meta property=\"og:site_name\" content=\"Ocean&#039;s Distillery\" \/>\n<meta property=\"article:modified_time\" content=\"2023-06-18T16:41:04+00:00\" \/>\n<meta property=\"og:image\" content=\"https:\/\/oceansdistillery.com\/wp-content\/uploads\/elementor\/thumbs\/filosofia-3-q7yo43bjfemi6tt7i2xeqms547ukvqg76mud8jovjg.jpg\" \/>\n<meta name=\"twitter:card\" content=\"summary_large_image\" \/>\n<meta name=\"twitter:label1\" content=\"Estimated reading time\" \/>\n\t<meta name=\"twitter:data1\" content=\"3 minutes\" \/>\n<script type=\"application\/ld+json\" class=\"yoast-schema-graph\">{\"@context\":\"https:\/\/schema.org\",\"@graph\":[{\"@type\":\"WebPage\",\"@id\":\"https:\/\/oceansdistillery.com\/filosofia\/\",\"url\":\"https:\/\/oceansdistillery.com\/filosofia\/\",\"name\":\"Nuestra filosof\u00eda - Ocean's Distillery\",\"isPartOf\":{\"@id\":\"https:\/\/oceansdistillery.com\/#website\"},\"primaryImageOfPage\":{\"@id\":\"https:\/\/oceansdistillery.com\/filosofia\/#primaryimage\"},\"image\":{\"@id\":\"https:\/\/oceansdistillery.com\/filosofia\/#primaryimage\"},\"thumbnailUrl\":\"https:\/\/oceansdistillery.com\/wp-content\/uploads\/elementor\/thumbs\/filosofia-3-q7yo43bjfemi6tt7i2xeqms547ukvqg76mud8jovjg.jpg\",\"datePublished\":\"2023-04-03T16:32:04+00:00\",\"dateModified\":\"2023-06-18T16:41:04+00:00\",\"description\":\"Nos alejamos de lo com\u00fan, consiguiendo un car\u00e1cter distintivo que nos hace \u00fanicos y exclusivos. \u00a1Descubre nuestra filosof\u00eda!\",\"breadcrumb\":{\"@id\":\"https:\/\/oceansdistillery.com\/filosofia\/#breadcrumb\"},\"inLanguage\":\"en-GB\",\"potentialAction\":[{\"@type\":\"ReadAction\",\"target\":[\"https:\/\/oceansdistillery.com\/filosofia\/\"]}]},{\"@type\":\"ImageObject\",\"inLanguage\":\"en-GB\",\"@id\":\"https:\/\/oceansdistillery.com\/filosofia\/#primaryimage\",\"url\":\"https:\/\/oceansdistillery.com\/wp-content\/uploads\/elementor\/thumbs\/filosofia-3-q7yo43bjfemi6tt7i2xeqms547ukvqg76mud8jovjg.jpg\",\"contentUrl\":\"https:\/\/oceansdistillery.com\/wp-content\/uploads\/elementor\/thumbs\/filosofia-3-q7yo43bjfemi6tt7i2xeqms547ukvqg76mud8jovjg.jpg\"},{\"@type\":\"BreadcrumbList\",\"@id\":\"https:\/\/oceansdistillery.com\/filosofia\/#breadcrumb\",\"itemListElement\":[{\"@type\":\"ListItem\",\"position\":1,\"name\":\"Portada\",\"item\":\"https:\/\/oceansdistillery.com\/\"},{\"@type\":\"ListItem\",\"position\":2,\"name\":\"Filosof\u00eda\"}]},{\"@type\":\"WebSite\",\"@id\":\"https:\/\/oceansdistillery.com\/#website\",\"url\":\"https:\/\/oceansdistillery.com\/\",\"name\":\"Ocean's Distillery\",\"description\":\"\",\"publisher\":{\"@id\":\"https:\/\/oceansdistillery.com\/#organization\"},\"potentialAction\":[{\"@type\":\"SearchAction\",\"target\":{\"@type\":\"EntryPoint\",\"urlTemplate\":\"https:\/\/oceansdistillery.com\/?s={search_term_string}\"},\"query-input\":\"required name=search_term_string\"}],\"inLanguage\":\"en-GB\"},{\"@type\":\"Organization\",\"@id\":\"https:\/\/oceansdistillery.com\/#organization\",\"name\":\"Ocean's Distillery\",\"url\":\"https:\/\/oceansdistillery.com\/\",\"logo\":{\"@type\":\"ImageObject\",\"inLanguage\":\"en-GB\",\"@id\":\"https:\/\/oceansdistillery.com\/#\/schema\/logo\/image\/\",\"url\":\"https:\/\/oceansdistillery.com\/wp-content\/uploads\/2023\/04\/oceans-distillery-logo.svg\",\"contentUrl\":\"https:\/\/oceansdistillery.com\/wp-content\/uploads\/2023\/04\/oceans-distillery-logo.svg\",\"width\":250,\"height\":202,\"caption\":\"Ocean's Distillery\"},\"image\":{\"@id\":\"https:\/\/oceansdistillery.com\/#\/schema\/logo\/image\/\"}}]}<\/script>\n<!-- \/ Yoast SEO plugin. -->","yoast_head_json":{"title":"Nuestra filosof\u00eda - Ocean's Distillery","description":"Nos alejamos de lo com\u00fan, consiguiendo un car\u00e1cter distintivo que nos hace \u00fanicos y exclusivos. \u00a1Descubre nuestra filosof\u00eda!","robots":{"index":"index","follow":"follow","max-snippet":"max-snippet:-1","max-image-preview":"max-image-preview:large","max-video-preview":"max-video-preview:-1"},"canonical":"https:\/\/oceansdistillery.com\/en\/philosophy\/","og_locale":"en_GB","og_type":"article","og_title":"Nuestra filosof\u00eda - Ocean's Distillery","og_description":"Nos alejamos de lo com\u00fan, consiguiendo un car\u00e1cter distintivo que nos hace \u00fanicos y exclusivos. \u00a1Descubre nuestra filosof\u00eda!","og_url":"https:\/\/oceansdistillery.com\/en\/philosophy\/","og_site_name":"Ocean's Distillery","article_modified_time":"2023-06-18T16:41:04+00:00","og_image":[{"url":"https:\/\/oceansdistillery.com\/wp-content\/uploads\/elementor\/thumbs\/filosofia-3-q7yo43bjfemi6tt7i2xeqms547ukvqg76mud8jovjg.jpg"}],"twitter_card":"summary_large_image","twitter_misc":{"Estimated reading time":"3 minutes"},"schema":{"@context":"https:\/\/schema.org","@graph":[{"@type":"WebPage","@id":"https:\/\/oceansdistillery.com\/filosofia\/","url":"https:\/\/oceansdistillery.com\/filosofia\/","name":"Nuestra filosof\u00eda - Ocean's Distillery","isPartOf":{"@id":"https:\/\/oceansdistillery.com\/#website"},"primaryImageOfPage":{"@id":"https:\/\/oceansdistillery.com\/filosofia\/#primaryimage"},"image":{"@id":"https:\/\/oceansdistillery.com\/filosofia\/#primaryimage"},"thumbnailUrl":"https:\/\/oceansdistillery.com\/wp-content\/uploads\/elementor\/thumbs\/filosofia-3-q7yo43bjfemi6tt7i2xeqms547ukvqg76mud8jovjg.jpg","datePublished":"2023-04-03T16:32:04+00:00","dateModified":"2023-06-18T16:41:04+00:00","description":"Nos alejamos de lo com\u00fan, consiguiendo un car\u00e1cter distintivo que nos hace \u00fanicos y exclusivos. \u00a1Descubre nuestra filosof\u00eda!","breadcrumb":{"@id":"https:\/\/oceansdistillery.com\/filosofia\/#breadcrumb"},"inLanguage":"en-GB","potentialAction":[{"@type":"ReadAction","target":["https:\/\/oceansdistillery.com\/filosofia\/"]}]},{"@type":"ImageObject","inLanguage":"en-GB","@id":"https:\/\/oceansdistillery.com\/filosofia\/#primaryimage","url":"https:\/\/oceansdistillery.com\/wp-content\/uploads\/elementor\/thumbs\/filosofia-3-q7yo43bjfemi6tt7i2xeqms547ukvqg76mud8jovjg.jpg","contentUrl":"https:\/\/oceansdistillery.com\/wp-content\/uploads\/elementor\/thumbs\/filosofia-3-q7yo43bjfemi6tt7i2xeqms547ukvqg76mud8jovjg.jpg"},{"@type":"BreadcrumbList","@id":"https:\/\/oceansdistillery.com\/filosofia\/#breadcrumb","itemListElement":[{"@type":"ListItem","position":1,"name":"Portada","item":"https:\/\/oceansdistillery.com\/"},{"@type":"ListItem","position":2,"name":"Filosof\u00eda"}]},{"@type":"WebSite","@id":"https:\/\/oceansdistillery.com\/#website","url":"https:\/\/oceansdistillery.com\/","name":"Ocean's Distillery","description":"","publisher":{"@id":"https:\/\/oceansdistillery.com\/#organization"},"potentialAction":[{"@type":"SearchAction","target":{"@type":"EntryPoint","urlTemplate":"https:\/\/oceansdistillery.com\/?s={search_term_string}"},"query-input":"required name=search_term_string"}],"inLanguage":"en-GB"},{"@type":"Organization","@id":"https:\/\/oceansdistillery.com\/#organization","name":"Ocean's Distillery","url":"https:\/\/oceansdistillery.com\/","logo":{"@type":"ImageObject","inLanguage":"en-GB","@id":"https:\/\/oceansdistillery.com\/#\/schema\/logo\/image\/","url":"https:\/\/oceansdistillery.com\/wp-content\/uploads\/2023\/04\/oceans-distillery-logo.svg","contentUrl":"https:\/\/oceansdistillery.com\/wp-content\/uploads\/2023\/04\/oceans-distillery-logo.svg","width":250,"height":202,"caption":"Ocean's Distillery"},"image":{"@id":"https:\/\/oceansdistillery.com\/#\/schema\/logo\/image\/"}}]}},"_links":{"self":[{"href":"https:\/\/oceansdistillery.com\/en\/wp-json\/wp\/v2\/pages\/23"}],"collection":[{"href":"https:\/\/oceansdistillery.com\/en\/wp-json\/wp\/v2\/pages"}],"about":[{"href":"https:\/\/oceansdistillery.com\/en\/wp-json\/wp\/v2\/types\/page"}],"author":[{"embeddable":true,"href":"https:\/\/oceansdistillery.com\/en\/wp-json\/wp\/v2\/users\/1"}],"replies":[{"embeddable":true,"href":"https:\/\/oceansdistillery.com\/en\/wp-json\/wp\/v2\/comments?post=23"}],"version-history":[{"count":45,"href":"https:\/\/oceansdistillery.com\/en\/wp-json\/wp\/v2\/pages\/23\/revisions"}],"predecessor-version":[{"id":1911,"href":"https:\/\/oceansdistillery.com\/en\/wp-json\/wp\/v2\/pages\/23\/revisions\/1911"}],"wp:attachment":[{"href":"https:\/\/oceansdistillery.com\/en\/wp-json\/wp\/v2\/media?parent=23"}],"curies":[{"name":"wp","href":"https:\/\/api.w.org\/{rel}","templated":true}]}}