{"id":699,"date":"2023-04-25T13:58:02","date_gmt":"2023-04-25T13:58:02","guid":{"rendered":"https:\/\/oceansdistillery.com\/?page_id=699"},"modified":"2023-06-18T08:46:12","modified_gmt":"2023-06-18T08:46:12","slug":"politica-de-privacidad","status":"publish","type":"page","link":"https:\/\/oceansdistillery.com\/en\/privacy-policy\/","title":{"rendered":"Politica de privacidad"},"content":{"rendered":"<div data-elementor-type=\"wp-page\" data-elementor-id=\"699\" class=\"elementor elementor-699\">\n\t\t\t\t\t\t<section class=\"elementor-section elementor-top-section elementor-element elementor-element-07152cf elementor-section-boxed elementor-section-height-default elementor-section-height-default\" data-id=\"07152cf\" data-element_type=\"section\">\n\t\t\t\t\t\t<div class=\"elementor-container elementor-column-gap-default\">\n\t\t\t\t\t<div class=\"elementor-column elementor-col-100 elementor-top-column elementor-element elementor-element-6e81d22\" data-id=\"6e81d22\" data-element_type=\"column\">\n\t\t\t<div class=\"elementor-widget-wrap elementor-element-populated\">\n\t\t\t\t\t\t<div class=\"elementor-element elementor-element-d17d1b0 elementor-widget elementor-widget-html\" data-id=\"d17d1b0\" data-element_type=\"widget\" data-widget_type=\"html.default\">\n\t\t\t\t<div class=\"elementor-widget-container\">\n\t\t\t<div class=\"texto-legal\">\n    \n<h1>Privacy Policy <\/h1>\n<br>\n<p>In compliance with the applicable regulations on the protection of personal data, Ocean's Distillery S.L. (hereinafter referred to as \"the Company\") informs users of its website about its Privacy Policy.<\/p>\n\n<h2 class=\"texto-legal-h2\">1. Information Collected<\/h2>\n<p>The Company collects the personal data that users provide through the contact form available on its website. This data includes name, email address, and any other information that the user voluntarily chooses to provide in the submitted message.<\/p>\n<h2 class=\"texto-legal-h2\">2. Use of information<\/h2>\n<p>The Company will use the information provided by the user solely for the management of their inquiry or request. Under no circumstances will this data be used for purposes other than those previously informed and accepted by the user.<\/p>\n<h2 class=\"texto-legal-h2\">3. Legal basis for processing<\/h2>\n<p>The legal basis for processing personal data is the consent provided by the user when submitting their inquiry or request through the contact form.<\/p>\n<h2 class=\"texto-legal-h2\">4. Data Sharing<\/h2>\n<p>The Company will not disclose the user's personal data to third parties, except when required by law or with the user's express consent.<\/p>\n<h2 class=\"texto-legal-h2\">5. Users' Rights<\/h2>\n<p>Users have the right to access, rectify, cancel, object to, restrict the processing, and request the portability of their personal data. These rights can be exercised at any time by the user by sending a written request to the address of the Company indicated in the header of this document or by email to info@oceansdistillery.com.<\/p>\n<h2 class=\"texto-legal-h2\">6. Data retention<\/h2>\n<p>The Company will retain the user's personal data for as long as necessary to manage their inquiry or request, and in any case, until its deletion is requested by the user.<\/p>\n<h2 class=\"texto-legal-h2\">7. Acceptance of the Privacy Policy<\/h2>\n<p>The use of the Company's website implies acceptance of this Privacy Policy.<\/p>\n<p>The Company reserves the right to modify this Privacy Policy at any time, without prior notice to the user. In the event of modifications, they will be published on the Company's website so that the user can become aware of them and accept them at all times.<\/p>\n<p>If you have any questions or inquiries about our Privacy Policy, please contact us via our email address info@oceansdistillery.com.\n\n\n\n\n<\/p>\n\n<\/div>\t\t<\/div>\n\t\t\t\t<\/div>\n\t\t\t\t\t<\/div>\n\t\t<\/div>\n\t\t\t\t\t<\/div>\n\t\t<\/section>\n\t\t\t\t<\/div>","protected":false},"excerpt":{"rendered":"<p>Pol\u00edtica de Privacidad En cumplimiento de lo establecido en la normativa aplicable en materia de protecci\u00f3n de datos de car\u00e1cter personal, Ocean&#8217;s Distillery S.L. (en adelante, \u00abla Empresa\u00bb) informa a los usuarios de su sitio web sobre su Pol\u00edtica de Privacidad. 1. Informaci\u00f3n recopilada La Empresa recopila los datos personales que los usuarios proporcionan a [&hellip;]<\/p>","protected":false},"author":1,"featured_media":0,"parent":0,"menu_order":0,"comment_status":"closed","ping_status":"closed","template":"","meta":{"site-sidebar-layout":"no-sidebar","site-content-layout":"page-builder","ast-site-content-layout":"","site-content-style":"default","site-sidebar-style":"default","ast-global-header-display":"","ast-banner-title-visibility":"","ast-main-header-display":"","ast-hfb-above-header-display":"","ast-hfb-below-header-display":"","ast-hfb-mobile-header-display":"","site-post-title":"disabled","ast-breadcrumbs-content":"","ast-featured-img":"disabled","footer-sml-layout":"","theme-transparent-header-meta":"disabled","adv-header-id-meta":"","stick-header-meta":"","header-above-stick-meta":"","header-main-stick-meta":"","header-below-stick-meta":"","astra-migrate-meta-layouts":"default","ast-page-background-enabled":"default","ast-page-background-meta":{"desktop":{"background-color":"var(--ast-global-color-4)","background-image":"","background-repeat":"repeat","background-position":"center center","background-size":"auto","background-attachment":"scroll","background-type":"","background-media":"","overlay-type":"","overlay-color":"","overlay-gradient":""},"tablet":{"background-color":"","background-image":"","background-repeat":"repeat","background-position":"center center","background-size":"auto","background-attachment":"scroll","background-type":"","background-media":"","overlay-type":"","overlay-color":"","overlay-gradient":""},"mobile":{"background-color":"","background-image":"","background-repeat":"repeat","background-position":"center center","background-size":"auto","background-attachment":"scroll","background-type":"","background-media":"","overlay-type":"","overlay-color":"","overlay-gradient":""}},"ast-content-background-meta":{"desktop":{"background-color":"var(--ast-global-color-5)","background-image":"","background-repeat":"repeat","background-position":"center center","background-size":"auto","background-attachment":"scroll","background-type":"","background-media":"","overlay-type":"","overlay-color":"","overlay-gradient":""},"tablet":{"background-color":"var(--ast-global-color-5)","background-image":"","background-repeat":"repeat","background-position":"center center","background-size":"auto","background-attachment":"scroll","background-type":"","background-media":"","overlay-type":"","overlay-color":"","overlay-gradient":""},"mobile":{"background-color":"var(--ast-global-color-5)","background-image":"","background-repeat":"repeat","background-position":"center center","background-size":"auto","background-attachment":"scroll","background-type":"","background-media":"","overlay-type":"","overlay-color":"","overlay-gradient":""}},"footnotes":""},"yoast_head":"<!-- This site is optimized with the Yoast SEO plugin v22.2 - https:\/\/yoast.com\/wordpress\/plugins\/seo\/ -->\n<title>Politica de privacidad - Ocean&#039;s Distillery<\/title>\n<meta name=\"robots\" content=\"noindex, follow\" \/>\n<meta property=\"og:locale\" content=\"en_GB\" \/>\n<meta property=\"og:type\" content=\"article\" \/>\n<meta property=\"og:title\" content=\"Politica de privacidad - Ocean&#039;s Distillery\" \/>\n<meta property=\"og:description\" content=\"Pol\u00edtica de Privacidad En cumplimiento de lo establecido en la normativa aplicable en materia de protecci\u00f3n de datos de car\u00e1cter personal, Ocean&#8217;s Distillery S.L. (en adelante, \u00abla Empresa\u00bb) informa a los usuarios de su sitio web sobre su Pol\u00edtica de Privacidad. 1. Informaci\u00f3n recopilada La Empresa recopila los datos personales que los usuarios proporcionan a [&hellip;]\" \/>\n<meta property=\"og:url\" content=\"https:\/\/oceansdistillery.com\/en\/privacy-policy\/\" \/>\n<meta property=\"og:site_name\" content=\"Ocean&#039;s Distillery\" \/>\n<meta property=\"article:modified_time\" content=\"2023-06-18T08:46:12+00:00\" \/>\n<meta name=\"twitter:card\" content=\"summary_large_image\" \/>\n<meta name=\"twitter:label1\" content=\"Estimated reading time\" \/>\n\t<meta name=\"twitter:data1\" content=\"2 minutes\" \/>\n<script type=\"application\/ld+json\" class=\"yoast-schema-graph\">{\"@context\":\"https:\/\/schema.org\",\"@graph\":[{\"@type\":\"WebPage\",\"@id\":\"https:\/\/oceansdistillery.com\/politica-de-privacidad\/\",\"url\":\"https:\/\/oceansdistillery.com\/politica-de-privacidad\/\",\"name\":\"Politica de privacidad - Ocean's Distillery\",\"isPartOf\":{\"@id\":\"https:\/\/oceansdistillery.com\/#website\"},\"datePublished\":\"2023-04-25T13:58:02+00:00\",\"dateModified\":\"2023-06-18T08:46:12+00:00\",\"breadcrumb\":{\"@id\":\"https:\/\/oceansdistillery.com\/politica-de-privacidad\/#breadcrumb\"},\"inLanguage\":\"en-GB\",\"potentialAction\":[{\"@type\":\"ReadAction\",\"target\":[\"https:\/\/oceansdistillery.com\/politica-de-privacidad\/\"]}]},{\"@type\":\"BreadcrumbList\",\"@id\":\"https:\/\/oceansdistillery.com\/politica-de-privacidad\/#breadcrumb\",\"itemListElement\":[{\"@type\":\"ListItem\",\"position\":1,\"name\":\"Portada\",\"item\":\"https:\/\/oceansdistillery.com\/\"},{\"@type\":\"ListItem\",\"position\":2,\"name\":\"Politica de privacidad\"}]},{\"@type\":\"WebSite\",\"@id\":\"https:\/\/oceansdistillery.com\/#website\",\"url\":\"https:\/\/oceansdistillery.com\/\",\"name\":\"Ocean's Distillery\",\"description\":\"\",\"publisher\":{\"@id\":\"https:\/\/oceansdistillery.com\/#organization\"},\"potentialAction\":[{\"@type\":\"SearchAction\",\"target\":{\"@type\":\"EntryPoint\",\"urlTemplate\":\"https:\/\/oceansdistillery.com\/?s={search_term_string}\"},\"query-input\":\"required name=search_term_string\"}],\"inLanguage\":\"en-GB\"},{\"@type\":\"Organization\",\"@id\":\"https:\/\/oceansdistillery.com\/#organization\",\"name\":\"Ocean's Distillery\",\"url\":\"https:\/\/oceansdistillery.com\/\",\"logo\":{\"@type\":\"ImageObject\",\"inLanguage\":\"en-GB\",\"@id\":\"https:\/\/oceansdistillery.com\/#\/schema\/logo\/image\/\",\"url\":\"https:\/\/oceansdistillery.com\/wp-content\/uploads\/2023\/04\/oceans-distillery-logo.svg\",\"contentUrl\":\"https:\/\/oceansdistillery.com\/wp-content\/uploads\/2023\/04\/oceans-distillery-logo.svg\",\"width\":250,\"height\":202,\"caption\":\"Ocean's Distillery\"},\"image\":{\"@id\":\"https:\/\/oceansdistillery.com\/#\/schema\/logo\/image\/\"}}]}<\/script>\n<!-- \/ Yoast SEO plugin. -->","yoast_head_json":{"title":"Politica de privacidad - Ocean's Distillery","robots":{"index":"noindex","follow":"follow"},"og_locale":"en_GB","og_type":"article","og_title":"Politica de privacidad - Ocean's Distillery","og_description":"Pol\u00edtica de Privacidad En cumplimiento de lo establecido en la normativa aplicable en materia de protecci\u00f3n de datos de car\u00e1cter personal, Ocean&#8217;s Distillery S.L. (en adelante, \u00abla Empresa\u00bb) informa a los usuarios de su sitio web sobre su Pol\u00edtica de Privacidad. 1. Informaci\u00f3n recopilada La Empresa recopila los datos personales que los usuarios proporcionan a [&hellip;]","og_url":"https:\/\/oceansdistillery.com\/en\/privacy-policy\/","og_site_name":"Ocean's Distillery","article_modified_time":"2023-06-18T08:46:12+00:00","twitter_card":"summary_large_image","twitter_misc":{"Estimated reading time":"2 minutes"},"schema":{"@context":"https:\/\/schema.org","@graph":[{"@type":"WebPage","@id":"https:\/\/oceansdistillery.com\/politica-de-privacidad\/","url":"https:\/\/oceansdistillery.com\/politica-de-privacidad\/","name":"Politica de privacidad - Ocean's Distillery","isPartOf":{"@id":"https:\/\/oceansdistillery.com\/#website"},"datePublished":"2023-04-25T13:58:02+00:00","dateModified":"2023-06-18T08:46:12+00:00","breadcrumb":{"@id":"https:\/\/oceansdistillery.com\/politica-de-privacidad\/#breadcrumb"},"inLanguage":"en-GB","potentialAction":[{"@type":"ReadAction","target":["https:\/\/oceansdistillery.com\/politica-de-privacidad\/"]}]},{"@type":"BreadcrumbList","@id":"https:\/\/oceansdistillery.com\/politica-de-privacidad\/#breadcrumb","itemListElement":[{"@type":"ListItem","position":1,"name":"Portada","item":"https:\/\/oceansdistillery.com\/"},{"@type":"ListItem","position":2,"name":"Politica de privacidad"}]},{"@type":"WebSite","@id":"https:\/\/oceansdistillery.com\/#website","url":"https:\/\/oceansdistillery.com\/","name":"Ocean's Distillery","description":"","publisher":{"@id":"https:\/\/oceansdistillery.com\/#organization"},"potentialAction":[{"@type":"SearchAction","target":{"@type":"EntryPoint","urlTemplate":"https:\/\/oceansdistillery.com\/?s={search_term_string}"},"query-input":"required name=search_term_string"}],"inLanguage":"en-GB"},{"@type":"Organization","@id":"https:\/\/oceansdistillery.com\/#organization","name":"Ocean's Distillery","url":"https:\/\/oceansdistillery.com\/","logo":{"@type":"ImageObject","inLanguage":"en-GB","@id":"https:\/\/oceansdistillery.com\/#\/schema\/logo\/image\/","url":"https:\/\/oceansdistillery.com\/wp-content\/uploads\/2023\/04\/oceans-distillery-logo.svg","contentUrl":"https:\/\/oceansdistillery.com\/wp-content\/uploads\/2023\/04\/oceans-distillery-logo.svg","width":250,"height":202,"caption":"Ocean's Distillery"},"image":{"@id":"https:\/\/oceansdistillery.com\/#\/schema\/logo\/image\/"}}]}},"_links":{"self":[{"href":"https:\/\/oceansdistillery.com\/en\/wp-json\/wp\/v2\/pages\/699"}],"collection":[{"href":"https:\/\/oceansdistillery.com\/en\/wp-json\/wp\/v2\/pages"}],"about":[{"href":"https:\/\/oceansdistillery.com\/en\/wp-json\/wp\/v2\/types\/page"}],"author":[{"embeddable":true,"href":"https:\/\/oceansdistillery.com\/en\/wp-json\/wp\/v2\/users\/1"}],"replies":[{"embeddable":true,"href":"https:\/\/oceansdistillery.com\/en\/wp-json\/wp\/v2\/comments?post=699"}],"version-history":[{"count":15,"href":"https:\/\/oceansdistillery.com\/en\/wp-json\/wp\/v2\/pages\/699\/revisions"}],"predecessor-version":[{"id":1783,"href":"https:\/\/oceansdistillery.com\/en\/wp-json\/wp\/v2\/pages\/699\/revisions\/1783"}],"wp:attachment":[{"href":"https:\/\/oceansdistillery.com\/en\/wp-json\/wp\/v2\/media?parent=699"}],"curies":[{"name":"wp","href":"https:\/\/api.w.org\/{rel}","templated":true}]}}