{"id":1959,"date":"2024-03-13T12:32:13","date_gmt":"2024-03-13T12:32:13","guid":{"rendered":"https:\/\/oceansdistillery.com\/?post_type=product&#038;p=1959"},"modified":"2024-03-14T17:45:49","modified_gmt":"2024-03-14T17:45:49","slug":"ron-oceans-mellow","status":"publish","type":"product","link":"https:\/\/oceansdistillery.com\/en\/product\/ron-oceans-mellow\/","title":{"rendered":"Rum Ocean\u2019s Mellow"},"content":{"rendered":"<div data-elementor-type=\"wp-post\" data-elementor-id=\"1959\" class=\"elementor elementor-1959\">\n\t\t\t\t\t\t<section class=\"elementor-section elementor-top-section elementor-element elementor-element-6d6ff63b elementor-section-full_width elementor-section-height-min-height elementor-section-height-default elementor-section-items-middle\" data-id=\"6d6ff63b\" data-element_type=\"section\" data-settings=\"{&quot;background_background&quot;:&quot;video&quot;,&quot;background_video_link&quot;:&quot;https:\\\/\\\/oceansdistillery.com\\\/wp-content\\\/uploads\\\/2023\\\/04\\\/ocenas.mp4&quot;}\">\n\t\t\t\t\t\t\t\t<div class=\"elementor-background-video-container elementor-hidden-phone\">\n\t\t\t\t\t\t\t\t\t\t\t\t\t<video class=\"elementor-background-video-hosted elementor-html5-video\" autoplay muted playsinline loop><\/video>\n\t\t\t\t\t\t\t\t\t\t\t<\/div>\n\t\t\t\t\t\t\t\t\t<div class=\"elementor-background-overlay\"><\/div>\n\t\t\t\t\t\t\t<div class=\"elementor-container elementor-column-gap-default\">\n\t\t\t\t\t<div class=\"elementor-column elementor-col-100 elementor-top-column elementor-element elementor-element-1b3fb787\" data-id=\"1b3fb787\" data-element_type=\"column\">\n\t\t\t<div class=\"elementor-widget-wrap elementor-element-populated\">\n\t\t\t\t\t\t<div class=\"elementor-element elementor-element-5d493678 elementor-widget elementor-widget-html\" data-id=\"5d493678\" data-element_type=\"widget\" data-widget_type=\"html.default\">\n\t\t\t\t<div class=\"elementor-widget-container\">\n\t\t\t<div id=\"titular-section\">\n<h2 class=\"h1section gold2\">Al final de nuestro viaje\nhemos encontrado\nel sentido del ron <\/h2>\n<\/div>\t\t<\/div>\n\t\t\t\t<\/div>\n\t\t\t\t\t<\/div>\n\t\t<\/div>\n\t\t\t\t\t<\/div>\n\t\t<\/section>\n\t\t\t\t<section class=\"elementor-section elementor-top-section elementor-element elementor-element-6037d03f elementor-section-boxed elementor-section-height-default elementor-section-height-default\" data-id=\"6037d03f\" data-element_type=\"section\" data-settings=\"{&quot;background_background&quot;:&quot;classic&quot;}\">\n\t\t\t\t\t\t<div class=\"elementor-container elementor-column-gap-default\">\n\t\t\t\t\t<div class=\"elementor-column elementor-col-100 elementor-top-column elementor-element elementor-element-5ce4d6f4\" data-id=\"5ce4d6f4\" data-element_type=\"column\">\n\t\t\t<div class=\"elementor-widget-wrap elementor-element-populated\">\n\t\t\t\t\t\t<div class=\"elementor-element elementor-element-aa2964d elementor-widget elementor-widget-html\" data-id=\"aa2964d\" data-element_type=\"widget\" data-widget_type=\"html.default\">\n\t\t\t\t<div class=\"elementor-widget-container\">\n\t\t\t<h2 class=\"h2section-product gold\">Specifications <\/h2>\n<div class=\"descripcion-modelo\" id=\"descripcion-product\">\n    \n    <div class=\"descripcion-row\" >\n        \n       <div class=\"descripcion-element\">\n            <p class=\"titular-descripcion\">Swallowing sensation<\/p><p class=\"descripcion-content\">Medium viscosity on the palate, filling the mouth with a light tingling sensation, balanced with a subtle bitter note without being irritating, and a gentle warmth in the throat. <\/p>\n        <\/div>\n        <div class=\"descripcion-element\">\n            <p class=\"titular-descripcion\">Appearance<\/p><p class=\"descripcion-content\">Clear liquid, moderately dark amber in color, allowing light to pass through with notable shimmer and brilliance, free from suspended particles.<\/p>\n        <\/div>\n        \n    <\/div>\n   \n      <div class=\"descripcion-column\">\n        \n        <div class=\"descripcion-element\">\n            <p class=\"titular-descripcion\">Smell<\/p><p class=\"descripcion-content\">Aroma typical of rum aged in oak barrels. Correct balance between its components, slightly sweet, reminiscent of the smell of prunes with dried ripe grapes, with a proper balance among all its aromas without highlighting the scent of oak wood or ethyl alcohol.<\/p>\n        <\/div>\n        <div class=\"descripcion-element\">\n            <p class=\"titular-descripcion\">Taste<\/p><p class=\"descripcion-content\">Generous aging, well-developed, with a subtly perceptible sweetness, combined with a well-transformed wood flavor, featuring notes of vanilla and sweet dry almonds. <\/p>\n        <\/div>\n        \n        \n        \n    <\/div>\n     <div class=\"descripcion-row\">\n        \n       \n       <div class=\"descripcion-element\">\n            <p class=\"titular-descripcion\">Alcohol content<\/p><p class=\"descripcion-content\">40%<\/p>\n        <\/div>\n           <div class=\"descripcion-element\">\n            <p class=\"titular-descripcion\">Category<\/p><p class=\"descripcion-content\">Rum with Dominican Denomination of Origin.<\/p>\n        <\/div>\n        \n    <\/div>\n<\/div>\t\t<\/div>\n\t\t\t\t<\/div>\n\t\t\t\t\t<\/div>\n\t\t<\/div>\n\t\t\t\t\t<\/div>\n\t\t<\/section>\n\t\t\t\t<section class=\"elementor-section elementor-top-section elementor-element elementor-element-7680dc25 elementor-section-boxed elementor-section-height-default elementor-section-height-default\" data-id=\"7680dc25\" data-element_type=\"section\">\n\t\t\t\t\t\t<div class=\"elementor-container elementor-column-gap-default\">\n\t\t\t\t\t<div class=\"elementor-column elementor-col-50 elementor-top-column elementor-element elementor-element-37253126\" data-id=\"37253126\" data-element_type=\"column\">\n\t\t\t<div class=\"elementor-widget-wrap elementor-element-populated\">\n\t\t\t\t\t\t<div class=\"elementor-element elementor-element-439d9932 elementor-widget elementor-widget-html\" data-id=\"439d9932\" data-element_type=\"widget\" data-widget_type=\"html.default\">\n\t\t\t\t<div class=\"elementor-widget-container\">\n\t\t\t<h2 class=\"h2section-product gold\">Elaboration <\/h2>\r\n<div class=\"product-description\"><p><strong>\tFermentation and Distillation<\/strong> They are made with sugarcane-rich streams that come from sugar mills where cane sugar is produced. From the fermentation of these sugary streams, the alcoholic phases and the extra-fine sugarcane alcohols are obtained through distillation. The production of these alcoholic phases is monitored and rigorously controlled by expert distillers who have a deep understanding of the art of distillation. \r\n <\/p>\r\n\r\n<p><strong>\tAging<\/strong>  In this stage, the aromatic components of the distilled alcohols and spirits are combined with the components from the wood of the barrels. These American white oak barrels contribute elements such as tannins, cellulose, and hemicellulose that, when combined with the aromatic compounds of the alcohols, form new compounds responsible for their aroma, character, and identity. <\/p>\r\n\r\n<\/div>\t\t<\/div>\n\t\t\t\t<\/div>\n\t\t\t\t\t<\/div>\n\t\t<\/div>\n\t\t\t\t<div class=\"elementor-column elementor-col-50 elementor-top-column elementor-element elementor-element-2db684b2\" data-id=\"2db684b2\" data-element_type=\"column\">\n\t\t\t<div class=\"elementor-widget-wrap elementor-element-populated\">\n\t\t\t\t\t\t<div class=\"elementor-element elementor-element-1236ab98 elementor-widget elementor-widget-image\" data-id=\"1236ab98\" data-element_type=\"widget\" data-widget_type=\"image.default\">\n\t\t\t\t<div class=\"elementor-widget-container\">\n\t\t\t<style>\/*! elementor - v3.20.0 - 13-03-2024 *\/\n.elementor-widget-image{text-align:center}.elementor-widget-image a{display:inline-block}.elementor-widget-image a img[src$=\".svg\"]{width:48px}.elementor-widget-image img{vertical-align:middle;display:inline-block}<\/style>\t\t\t\t\t\t\t\t\t\t<img decoding=\"async\" src=\"https:\/\/oceansdistillery.com\/wp-content\/uploads\/elementor\/thumbs\/mellow-ron-background-q7yilv4tew0b926yp4fk643myct5ohjsbwqs3xufm0.png\" title=\"mellow-ron-background\" alt=\"Imagen de la etiqueta del ron Mellow.\" loading=\"lazy\" \/>\t\t\t\t\t\t\t\t\t\t\t\t\t<\/div>\n\t\t\t\t<\/div>\n\t\t\t\t\t<\/div>\n\t\t<\/div>\n\t\t\t\t\t<\/div>\n\t\t<\/section>\n\t\t\t\t<section class=\"elementor-section elementor-top-section elementor-element elementor-element-42f46ff elementor-section-boxed elementor-section-height-default elementor-section-height-default\" data-id=\"42f46ff\" data-element_type=\"section\">\n\t\t\t\t\t\t<div class=\"elementor-container elementor-column-gap-default\">\n\t\t\t\t\t<div class=\"elementor-column elementor-col-33 elementor-top-column elementor-element elementor-element-7721089c\" data-id=\"7721089c\" data-element_type=\"column\">\n\t\t\t<div class=\"elementor-widget-wrap elementor-element-populated\">\n\t\t\t\t\t\t<div class=\"elementor-element elementor-element-1ab3004d e-transform elementor-widget elementor-widget-image\" data-id=\"1ab3004d\" data-element_type=\"widget\" data-settings=\"{&quot;_transform_scale_effect_hover&quot;:{&quot;unit&quot;:&quot;px&quot;,&quot;size&quot;:&quot;&quot;,&quot;sizes&quot;:[]},&quot;_transform_scale_effect_hover_tablet&quot;:{&quot;unit&quot;:&quot;px&quot;,&quot;size&quot;:&quot;&quot;,&quot;sizes&quot;:[]},&quot;_transform_scale_effect_hover_mobile&quot;:{&quot;unit&quot;:&quot;px&quot;,&quot;size&quot;:&quot;&quot;,&quot;sizes&quot;:[]}}\" data-widget_type=\"image.default\">\n\t\t\t\t<div class=\"elementor-widget-container\">\n\t\t\t\t\t\t\t\t\t\t\t\t\t\t<a href=\"https:\/\/oceansdistillery.com\/en\/rum-oceans-deep\/\">\n\t\t\t\t\t\t\t<img fetchpriority=\"high\" decoding=\"async\" width=\"500\" height=\"300\" src=\"https:\/\/oceansdistillery.com\/wp-content\/uploads\/2023\/06\/deep-ron-hover.jpg\" class=\"attachment-large size-large wp-image-1322\" alt=\"Link hacia la p\u00e1gina dedicada al ron Deep\" srcset=\"https:\/\/oceansdistillery.com\/wp-content\/uploads\/2023\/06\/deep-ron-hover.jpg 500w, https:\/\/oceansdistillery.com\/wp-content\/uploads\/2023\/06\/deep-ron-hover-150x90.jpg 150w, https:\/\/oceansdistillery.com\/wp-content\/uploads\/2023\/06\/deep-ron-hover-200x120.jpg 200w, https:\/\/oceansdistillery.com\/wp-content\/uploads\/2023\/06\/deep-ron-hover-300x180.jpg 300w\" sizes=\"(max-width: 500px) 100vw, 500px\" \/>\t\t\t\t\t\t\t\t<\/a>\n\t\t\t\t\t\t\t\t\t\t\t\t\t<\/div>\n\t\t\t\t<\/div>\n\t\t\t\t\t<\/div>\n\t\t<\/div>\n\t\t\t\t<div class=\"elementor-column elementor-col-33 elementor-top-column elementor-element elementor-element-21ff6f17\" data-id=\"21ff6f17\" data-element_type=\"column\">\n\t\t\t<div class=\"elementor-widget-wrap elementor-element-populated\">\n\t\t\t\t\t\t<div class=\"elementor-element elementor-element-419b8906 elementor-widget elementor-widget-image\" data-id=\"419b8906\" data-element_type=\"widget\" data-widget_type=\"image.default\">\n\t\t\t\t<div class=\"elementor-widget-container\">\n\t\t\t\t\t\t\t\t\t\t\t\t\t\t<a href=\"https:\/\/oceansdistillery.com\/en\/rum-oceans-mellow\/\">\n\t\t\t\t\t\t\t<img decoding=\"async\" width=\"500\" height=\"300\" src=\"https:\/\/oceansdistillery.com\/wp-content\/uploads\/2023\/06\/mellow-ron-hover.jpg\" class=\"attachment-large size-large wp-image-1324\" alt=\"Link hacia la p\u00e1gina dedicada al ron Mellow\" srcset=\"https:\/\/oceansdistillery.com\/wp-content\/uploads\/2023\/06\/mellow-ron-hover.jpg 500w, https:\/\/oceansdistillery.com\/wp-content\/uploads\/2023\/06\/mellow-ron-hover-150x90.jpg 150w, https:\/\/oceansdistillery.com\/wp-content\/uploads\/2023\/06\/mellow-ron-hover-200x120.jpg 200w, https:\/\/oceansdistillery.com\/wp-content\/uploads\/2023\/06\/mellow-ron-hover-300x180.jpg 300w\" sizes=\"(max-width: 500px) 100vw, 500px\" \/>\t\t\t\t\t\t\t\t<\/a>\n\t\t\t\t\t\t\t\t\t\t\t\t\t<\/div>\n\t\t\t\t<\/div>\n\t\t\t\t\t<\/div>\n\t\t<\/div>\n\t\t\t\t<div class=\"elementor-column elementor-col-33 elementor-top-column elementor-element elementor-element-7eb84dc0\" data-id=\"7eb84dc0\" data-element_type=\"column\">\n\t\t\t<div class=\"elementor-widget-wrap elementor-element-populated\">\n\t\t\t\t\t\t<div class=\"elementor-element elementor-element-d8f690d elementor-widget elementor-widget-image\" data-id=\"d8f690d\" data-element_type=\"widget\" data-widget_type=\"image.default\">\n\t\t\t\t<div class=\"elementor-widget-container\">\n\t\t\t\t\t\t\t\t\t\t\t\t\t\t<a href=\"https:\/\/oceansdistillery.com\/en\/rum-oceans-tasty\/\">\n\t\t\t\t\t\t\t<img decoding=\"async\" width=\"500\" height=\"300\" src=\"https:\/\/oceansdistillery.com\/wp-content\/uploads\/2023\/06\/tasty-ron-hover.jpg\" class=\"attachment-large size-large wp-image-1326\" alt=\"Link hacia la p\u00e1gina dedicada al ron Tasty\" srcset=\"https:\/\/oceansdistillery.com\/wp-content\/uploads\/2023\/06\/tasty-ron-hover.jpg 500w, https:\/\/oceansdistillery.com\/wp-content\/uploads\/2023\/06\/tasty-ron-hover-150x90.jpg 150w, https:\/\/oceansdistillery.com\/wp-content\/uploads\/2023\/06\/tasty-ron-hover-200x120.jpg 200w, https:\/\/oceansdistillery.com\/wp-content\/uploads\/2023\/06\/tasty-ron-hover-300x180.jpg 300w\" sizes=\"(max-width: 500px) 100vw, 500px\" \/>\t\t\t\t\t\t\t\t<\/a>\n\t\t\t\t\t\t\t\t\t\t\t\t\t<\/div>\n\t\t\t\t<\/div>\n\t\t\t\t\t<\/div>\n\t\t<\/div>\n\t\t\t\t\t<\/div>\n\t\t<\/section>\n\t\t\t\t<\/div>","protected":false},"excerpt":{"rendered":"<p>Categorizado como un ron a\u00f1ejo reserva, nuestro Ocean&#8217;s Mellow es el resultado de la integraci\u00f3n de muchos elementos que dan como origen un producto novedoso, f\u00e1cil de distinguir y sin complejidades arom\u00e1ticas y de sabor.<\/p>\n<p>To achieve the Reserve aged category, traditional aging methods are respected. The spirits to be aged are stored in cellars exposed to Caribbean climatic conditions, which are very favorable for the formation of aromatic compounds.<\/p>\n<p>En su formulaci\u00f3n existe la participaci\u00f3n de a\u00f1ejos gran reserva, y rones de 5 y 10 a\u00f1os de envejecimiento fisico en barricas de roble blanco americano , que le dan una nota especial en su bouquet.<\/p>","protected":false},"featured_media":765,"template":"","meta":{"site-sidebar-layout":"no-sidebar","site-content-layout":"page-builder","ast-site-content-layout":"full-width-container","site-content-style":"default","site-sidebar-style":"default","ast-global-header-display":"","ast-banner-title-visibility":"","ast-main-header-display":"","ast-hfb-above-header-display":"","ast-hfb-below-header-display":"","ast-hfb-mobile-header-display":"","site-post-title":"disabled","ast-breadcrumbs-content":"","ast-featured-img":"disabled","footer-sml-layout":"","theme-transparent-header-meta":"default","adv-header-id-meta":"","stick-header-meta":"default","header-above-stick-meta":"","header-main-stick-meta":"","header-below-stick-meta":"","astra-migrate-meta-layouts":"set","ast-page-background-enabled":"default","ast-page-background-meta":{"desktop":{"background-color":"var(--ast-global-color-4)","background-image":"","background-repeat":"repeat","background-position":"center center","background-size":"auto","background-attachment":"scroll","background-type":"","background-media":"","overlay-type":"","overlay-color":"","overlay-gradient":""},"tablet":{"background-color":"","background-image":"","background-repeat":"repeat","background-position":"center center","background-size":"auto","background-attachment":"scroll","background-type":"","background-media":"","overlay-type":"","overlay-color":"","overlay-gradient":""},"mobile":{"background-color":"","background-image":"","background-repeat":"repeat","background-position":"center center","background-size":"auto","background-attachment":"scroll","background-type":"","background-media":"","overlay-type":"","overlay-color":"","overlay-gradient":""}},"ast-content-background-meta":{"desktop":{"background-color":"var(--ast-global-color-5)","background-image":"","background-repeat":"repeat","background-position":"center center","background-size":"auto","background-attachment":"scroll","background-type":"","background-media":"","overlay-type":"","overlay-color":"","overlay-gradient":""},"tablet":{"background-color":"var(--ast-global-color-5)","background-image":"","background-repeat":"repeat","background-position":"center center","background-size":"auto","background-attachment":"scroll","background-type":"","background-media":"","overlay-type":"","overlay-color":"","overlay-gradient":""},"mobile":{"background-color":"var(--ast-global-color-5)","background-image":"","background-repeat":"repeat","background-position":"center center","background-size":"auto","background-attachment":"scroll","background-type":"","background-media":"","overlay-type":"","overlay-color":"","overlay-gradient":""}}},"product_cat":[28],"product_tag":[],"yoast_head":"<!-- This site is optimized with the Yoast SEO plugin v22.2 - https:\/\/yoast.com\/wordpress\/plugins\/seo\/ -->\n<title>Ron Ocean&#039;s Mellow - Ocean&#039;s Distillery<\/title>\n<meta name=\"robots\" content=\"index, follow, max-snippet:-1, max-image-preview:large, max-video-preview:-1\" \/>\n<link rel=\"canonical\" href=\"https:\/\/oceansdistillery.com\/en\/product\/ron-oceans-mellow\/\" \/>\n<meta property=\"og:locale\" content=\"en_GB\" \/>\n<meta property=\"og:type\" content=\"article\" \/>\n<meta property=\"og:title\" content=\"Ron Ocean&#039;s Mellow - Ocean&#039;s Distillery\" \/>\n<meta property=\"og:description\" content=\"Categorizado como un ron a\u00f1ejo reserva, nuestro Ocean&#039;s Mellow es el resultado de la integraci\u00f3n de muchos elementos que dan como origen un producto novedoso, f\u00e1cil de distinguir y sin complejidades arom\u00e1ticas y de sabor.  Para lograr la categor\u00eda de a\u00f1ejo reserva, se respetan los m\u00e9todos tradicionales de envejecimiento. Los caldos a a\u00f1ejar se encuentran en bodegas expuestas a condiciones clim\u00e1ticas del Caribe, muy favorables para la formaci\u00f3n de compuestos arom\u00e1ticos.  En su formulaci\u00f3n existe la participaci\u00f3n de a\u00f1ejos gran reserva, y rones de 5 y 10 a\u00f1os de envejecimiento fisico en barricas de roble blanco americano , que le dan una nota especial en su bouquet.\" \/>\n<meta property=\"og:url\" content=\"https:\/\/oceansdistillery.com\/en\/product\/ron-oceans-mellow\/\" \/>\n<meta property=\"og:site_name\" content=\"Ocean&#039;s Distillery\" \/>\n<meta property=\"article:modified_time\" content=\"2024-03-14T17:45:49+00:00\" \/>\n<meta property=\"og:image\" content=\"https:\/\/oceansdistillery.com\/wp-content\/uploads\/2023\/04\/mellow.png\" \/>\n\t<meta property=\"og:image:width\" content=\"500\" \/>\n\t<meta property=\"og:image:height\" content=\"800\" \/>\n\t<meta property=\"og:image:type\" content=\"image\/png\" \/>\n<meta name=\"twitter:card\" content=\"summary_large_image\" \/>\n<meta name=\"twitter:label1\" content=\"Estimated reading time\" \/>\n\t<meta name=\"twitter:data1\" content=\"3 minutes\" \/>\n<script type=\"application\/ld+json\" class=\"yoast-schema-graph\">{\"@context\":\"https:\/\/schema.org\",\"@graph\":[{\"@type\":\"WebPage\",\"@id\":\"https:\/\/oceansdistillery.com\/producto\/ron-oceans-mellow\/\",\"url\":\"https:\/\/oceansdistillery.com\/producto\/ron-oceans-mellow\/\",\"name\":\"Ron Ocean's Mellow - Ocean's Distillery\",\"isPartOf\":{\"@id\":\"https:\/\/oceansdistillery.com\/#website\"},\"primaryImageOfPage\":{\"@id\":\"https:\/\/oceansdistillery.com\/producto\/ron-oceans-mellow\/#primaryimage\"},\"image\":{\"@id\":\"https:\/\/oceansdistillery.com\/producto\/ron-oceans-mellow\/#primaryimage\"},\"thumbnailUrl\":\"https:\/\/oceansdistillery.com\/wp-content\/uploads\/2023\/04\/mellow.png\",\"datePublished\":\"2024-03-13T12:32:13+00:00\",\"dateModified\":\"2024-03-14T17:45:49+00:00\",\"breadcrumb\":{\"@id\":\"https:\/\/oceansdistillery.com\/producto\/ron-oceans-mellow\/#breadcrumb\"},\"inLanguage\":\"en-GB\",\"potentialAction\":[{\"@type\":\"ReadAction\",\"target\":[\"https:\/\/oceansdistillery.com\/producto\/ron-oceans-mellow\/\"]}]},{\"@type\":\"ImageObject\",\"inLanguage\":\"en-GB\",\"@id\":\"https:\/\/oceansdistillery.com\/producto\/ron-oceans-mellow\/#primaryimage\",\"url\":\"https:\/\/oceansdistillery.com\/wp-content\/uploads\/2023\/04\/mellow.png\",\"contentUrl\":\"https:\/\/oceansdistillery.com\/wp-content\/uploads\/2023\/04\/mellow.png\",\"width\":500,\"height\":800,\"caption\":\"Botella de Ocean's Rum versi\u00f3n Mellow. Con astrolabio de fondo verde\"},{\"@type\":\"BreadcrumbList\",\"@id\":\"https:\/\/oceansdistillery.com\/producto\/ron-oceans-mellow\/#breadcrumb\",\"itemListElement\":[{\"@type\":\"ListItem\",\"position\":1,\"name\":\"Portada\",\"item\":\"https:\/\/oceansdistillery.com\/\"},{\"@type\":\"ListItem\",\"position\":2,\"name\":\"Tienda\",\"item\":\"https:\/\/oceansdistillery.com\/tienda\/\"},{\"@type\":\"ListItem\",\"position\":3,\"name\":\"Ron Ocean&#8217;s Mellow\"}]},{\"@type\":\"WebSite\",\"@id\":\"https:\/\/oceansdistillery.com\/#website\",\"url\":\"https:\/\/oceansdistillery.com\/\",\"name\":\"Ocean's Distillery\",\"description\":\"\",\"publisher\":{\"@id\":\"https:\/\/oceansdistillery.com\/#organization\"},\"potentialAction\":[{\"@type\":\"SearchAction\",\"target\":{\"@type\":\"EntryPoint\",\"urlTemplate\":\"https:\/\/oceansdistillery.com\/?s={search_term_string}\"},\"query-input\":\"required name=search_term_string\"}],\"inLanguage\":\"en-GB\"},{\"@type\":\"Organization\",\"@id\":\"https:\/\/oceansdistillery.com\/#organization\",\"name\":\"Ocean's Distillery\",\"url\":\"https:\/\/oceansdistillery.com\/\",\"logo\":{\"@type\":\"ImageObject\",\"inLanguage\":\"en-GB\",\"@id\":\"https:\/\/oceansdistillery.com\/#\/schema\/logo\/image\/\",\"url\":\"https:\/\/oceansdistillery.com\/wp-content\/uploads\/2023\/04\/oceans-distillery-logo.svg\",\"contentUrl\":\"https:\/\/oceansdistillery.com\/wp-content\/uploads\/2023\/04\/oceans-distillery-logo.svg\",\"width\":250,\"height\":202,\"caption\":\"Ocean's Distillery\"},\"image\":{\"@id\":\"https:\/\/oceansdistillery.com\/#\/schema\/logo\/image\/\"}}]}<\/script>\n<!-- \/ Yoast SEO plugin. -->","yoast_head_json":{"title":"Ron Ocean's Mellow - Ocean's Distillery","robots":{"index":"index","follow":"follow","max-snippet":"max-snippet:-1","max-image-preview":"max-image-preview:large","max-video-preview":"max-video-preview:-1"},"canonical":"https:\/\/oceansdistillery.com\/en\/product\/ron-oceans-mellow\/","og_locale":"en_GB","og_type":"article","og_title":"Ron Ocean's Mellow - Ocean's Distillery","og_description":"Categorizado como un ron a\u00f1ejo reserva, nuestro Ocean's Mellow es el resultado de la integraci\u00f3n de muchos elementos que dan como origen un producto novedoso, f\u00e1cil de distinguir y sin complejidades arom\u00e1ticas y de sabor.  Para lograr la categor\u00eda de a\u00f1ejo reserva, se respetan los m\u00e9todos tradicionales de envejecimiento. Los caldos a a\u00f1ejar se encuentran en bodegas expuestas a condiciones clim\u00e1ticas del Caribe, muy favorables para la formaci\u00f3n de compuestos arom\u00e1ticos.  En su formulaci\u00f3n existe la participaci\u00f3n de a\u00f1ejos gran reserva, y rones de 5 y 10 a\u00f1os de envejecimiento fisico en barricas de roble blanco americano , que le dan una nota especial en su bouquet.","og_url":"https:\/\/oceansdistillery.com\/en\/product\/ron-oceans-mellow\/","og_site_name":"Ocean's Distillery","article_modified_time":"2024-03-14T17:45:49+00:00","og_image":[{"width":500,"height":800,"url":"https:\/\/oceansdistillery.com\/wp-content\/uploads\/2023\/04\/mellow.png","type":"image\/png"}],"twitter_card":"summary_large_image","twitter_misc":{"Estimated reading time":"3 minutes"},"schema":{"@context":"https:\/\/schema.org","@graph":[{"@type":"WebPage","@id":"https:\/\/oceansdistillery.com\/producto\/ron-oceans-mellow\/","url":"https:\/\/oceansdistillery.com\/producto\/ron-oceans-mellow\/","name":"Ron Ocean's Mellow - Ocean's Distillery","isPartOf":{"@id":"https:\/\/oceansdistillery.com\/#website"},"primaryImageOfPage":{"@id":"https:\/\/oceansdistillery.com\/producto\/ron-oceans-mellow\/#primaryimage"},"image":{"@id":"https:\/\/oceansdistillery.com\/producto\/ron-oceans-mellow\/#primaryimage"},"thumbnailUrl":"https:\/\/oceansdistillery.com\/wp-content\/uploads\/2023\/04\/mellow.png","datePublished":"2024-03-13T12:32:13+00:00","dateModified":"2024-03-14T17:45:49+00:00","breadcrumb":{"@id":"https:\/\/oceansdistillery.com\/producto\/ron-oceans-mellow\/#breadcrumb"},"inLanguage":"en-GB","potentialAction":[{"@type":"ReadAction","target":["https:\/\/oceansdistillery.com\/producto\/ron-oceans-mellow\/"]}]},{"@type":"ImageObject","inLanguage":"en-GB","@id":"https:\/\/oceansdistillery.com\/producto\/ron-oceans-mellow\/#primaryimage","url":"https:\/\/oceansdistillery.com\/wp-content\/uploads\/2023\/04\/mellow.png","contentUrl":"https:\/\/oceansdistillery.com\/wp-content\/uploads\/2023\/04\/mellow.png","width":500,"height":800,"caption":"Botella de Ocean's Rum versi\u00f3n Mellow. Con astrolabio de fondo verde"},{"@type":"BreadcrumbList","@id":"https:\/\/oceansdistillery.com\/producto\/ron-oceans-mellow\/#breadcrumb","itemListElement":[{"@type":"ListItem","position":1,"name":"Portada","item":"https:\/\/oceansdistillery.com\/"},{"@type":"ListItem","position":2,"name":"Tienda","item":"https:\/\/oceansdistillery.com\/tienda\/"},{"@type":"ListItem","position":3,"name":"Ron Ocean&#8217;s Mellow"}]},{"@type":"WebSite","@id":"https:\/\/oceansdistillery.com\/#website","url":"https:\/\/oceansdistillery.com\/","name":"Ocean's Distillery","description":"","publisher":{"@id":"https:\/\/oceansdistillery.com\/#organization"},"potentialAction":[{"@type":"SearchAction","target":{"@type":"EntryPoint","urlTemplate":"https:\/\/oceansdistillery.com\/?s={search_term_string}"},"query-input":"required name=search_term_string"}],"inLanguage":"en-GB"},{"@type":"Organization","@id":"https:\/\/oceansdistillery.com\/#organization","name":"Ocean's Distillery","url":"https:\/\/oceansdistillery.com\/","logo":{"@type":"ImageObject","inLanguage":"en-GB","@id":"https:\/\/oceansdistillery.com\/#\/schema\/logo\/image\/","url":"https:\/\/oceansdistillery.com\/wp-content\/uploads\/2023\/04\/oceans-distillery-logo.svg","contentUrl":"https:\/\/oceansdistillery.com\/wp-content\/uploads\/2023\/04\/oceans-distillery-logo.svg","width":250,"height":202,"caption":"Ocean's Distillery"},"image":{"@id":"https:\/\/oceansdistillery.com\/#\/schema\/logo\/image\/"}}]}},"_links":{"self":[{"href":"https:\/\/oceansdistillery.com\/en\/wp-json\/wp\/v2\/product\/1959"}],"collection":[{"href":"https:\/\/oceansdistillery.com\/en\/wp-json\/wp\/v2\/product"}],"about":[{"href":"https:\/\/oceansdistillery.com\/en\/wp-json\/wp\/v2\/types\/product"}],"version-history":[{"count":11,"href":"https:\/\/oceansdistillery.com\/en\/wp-json\/wp\/v2\/product\/1959\/revisions"}],"predecessor-version":[{"id":2015,"href":"https:\/\/oceansdistillery.com\/en\/wp-json\/wp\/v2\/product\/1959\/revisions\/2015"}],"wp:featuredmedia":[{"embeddable":true,"href":"https:\/\/oceansdistillery.com\/en\/wp-json\/wp\/v2\/media\/765"}],"wp:attachment":[{"href":"https:\/\/oceansdistillery.com\/en\/wp-json\/wp\/v2\/media?parent=1959"}],"wp:term":[{"taxonomy":"product_cat","embeddable":true,"href":"https:\/\/oceansdistillery.com\/en\/wp-json\/wp\/v2\/product_cat?post=1959"},{"taxonomy":"product_tag","embeddable":true,"href":"https:\/\/oceansdistillery.com\/en\/wp-json\/wp\/v2\/product_tag?post=1959"}],"curies":[{"name":"wp","href":"https:\/\/api.w.org\/{rel}","templated":true}]}}