{"id":2030,"date":"2024-03-14T17:40:24","date_gmt":"2024-03-14T17:40:24","guid":{"rendered":"https:\/\/oceansdistillery.com\/?post_type=product&#038;p=2030"},"modified":"2024-03-14T17:44:57","modified_gmt":"2024-03-14T17:44:57","slug":"ron-oceans-tasty","status":"publish","type":"product","link":"https:\/\/oceansdistillery.com\/en\/product\/ron-oceans-tasty\/","title":{"rendered":"Rum Ocean\u2019s Tasty"},"content":{"rendered":"<div data-elementor-type=\"wp-post\" data-elementor-id=\"2030\" class=\"elementor elementor-2030\">\n\t\t\t\t\t\t<section class=\"elementor-section elementor-top-section elementor-element elementor-element-6d6ff63b elementor-section-full_width elementor-section-height-min-height elementor-section-height-default elementor-section-items-middle\" data-id=\"6d6ff63b\" data-element_type=\"section\" data-settings=\"{&quot;background_background&quot;:&quot;video&quot;,&quot;background_video_link&quot;:&quot;https:\\\/\\\/oceansdistillery.com\\\/wp-content\\\/uploads\\\/2023\\\/04\\\/ocenas.mp4&quot;}\">\n\t\t\t\t\t\t\t\t<div class=\"elementor-background-video-container elementor-hidden-phone\">\n\t\t\t\t\t\t\t\t\t\t\t\t\t<video class=\"elementor-background-video-hosted elementor-html5-video\" autoplay muted playsinline loop><\/video>\n\t\t\t\t\t\t\t\t\t\t\t<\/div>\n\t\t\t\t\t\t\t\t\t<div class=\"elementor-background-overlay\"><\/div>\n\t\t\t\t\t\t\t<div class=\"elementor-container elementor-column-gap-default\">\n\t\t\t\t\t<div class=\"elementor-column elementor-col-100 elementor-top-column elementor-element elementor-element-1b3fb787\" data-id=\"1b3fb787\" data-element_type=\"column\">\n\t\t\t<div class=\"elementor-widget-wrap elementor-element-populated\">\n\t\t\t\t\t\t<div class=\"elementor-element elementor-element-5d493678 elementor-widget elementor-widget-html\" data-id=\"5d493678\" data-element_type=\"widget\" data-widget_type=\"html.default\">\n\t\t\t\t<div class=\"elementor-widget-container\">\n\t\t\t<div id=\"titular-section\">\n<h2 class=\"h1section gold2\">Al final de nuestro viaje\nhemos encontrado\nel sentido del ron <\/h2>\n<\/div>\t\t<\/div>\n\t\t\t\t<\/div>\n\t\t\t\t\t<\/div>\n\t\t<\/div>\n\t\t\t\t\t<\/div>\n\t\t<\/section>\n\t\t\t\t<section class=\"elementor-section elementor-top-section elementor-element elementor-element-475267e9 elementor-section-boxed elementor-section-height-default elementor-section-height-default\" data-id=\"475267e9\" data-element_type=\"section\" data-settings=\"{&quot;background_background&quot;:&quot;classic&quot;}\">\n\t\t\t\t\t\t<div class=\"elementor-container elementor-column-gap-default\">\n\t\t\t\t\t<div class=\"elementor-column elementor-col-100 elementor-top-column elementor-element elementor-element-7f449e03\" data-id=\"7f449e03\" data-element_type=\"column\">\n\t\t\t<div class=\"elementor-widget-wrap elementor-element-populated\">\n\t\t\t\t\t\t<div class=\"elementor-element elementor-element-bf02456 elementor-widget elementor-widget-html\" data-id=\"bf02456\" data-element_type=\"widget\" data-widget_type=\"html.default\">\n\t\t\t\t<div class=\"elementor-widget-container\">\n\t\t\t<h2 class=\"h2section-product gold\">Specifications <\/h2>\n<div class=\"descripcion-modelo\" id=\"descripcion-product\">\n    \n    <div class=\"descripcion-row\" >\n        \n       <div class=\"descripcion-element\">\n            <p class=\"titular-descripcion\">Swallowing sensation<\/p><p class=\"descripcion-content\">A sensation of warmth and fiery intensity in the throat, with a perceptible sweetness, exhibits great persistence and a long-lasting aftertaste.<\/p>\n        <\/div>\n        <div class=\"descripcion-element\">\n            <p class=\"titular-descripcion\">Appearance<\/p><p class=\"descripcion-content\">Clear liquid, moderately dark amber in color, allowing light to pass through with notable shimmer and brilliance, free from suspended particles.<\/p>\n        <\/div>\n        \n    <\/div>\n   \n      <div class=\"descripcion-column\">\n        \n        <div class=\"descripcion-element\">\n            <p class=\"titular-descripcion\">Smell<\/p><p class=\"descripcion-content\">Aroma typical of rum aged in oak barrels, correct balance between its components, slightly sweet, with noticeable notes of vanilla, apple, and almonds, with a proper balance among all its aromas without highlighting the ethyl scent.<\/p>\n        <\/div>\n        <div class=\"descripcion-element\">\n            <p class=\"titular-descripcion\">Taste<\/p><p class=\"descripcion-content\">Generous aging, well-evolved, with a subtly perceptible sweetness, combined with flavors of vanilla, almonds, and fleshy fruits. It has a complex and multi-layered taste.<\/p>\n        <\/div>\n        \n        \n        \n    <\/div>\n     <div class=\"descripcion-row\">\n        \n       \n       <div class=\"descripcion-element\">\n            <p class=\"titular-descripcion\">Alcohol content<\/p><p class=\"descripcion-content\">40%<\/p>\n        <\/div>\n        \n    <\/div>\n<\/div>\t\t<\/div>\n\t\t\t\t<\/div>\n\t\t\t\t\t<\/div>\n\t\t<\/div>\n\t\t\t\t\t<\/div>\n\t\t<\/section>\n\t\t\t\t<section class=\"elementor-section elementor-top-section elementor-element elementor-element-738471ac elementor-section-boxed elementor-section-height-default elementor-section-height-default\" data-id=\"738471ac\" data-element_type=\"section\">\n\t\t\t\t\t\t<div class=\"elementor-container elementor-column-gap-default\">\n\t\t\t\t\t<div class=\"elementor-column elementor-col-50 elementor-top-column elementor-element elementor-element-704503e1\" data-id=\"704503e1\" data-element_type=\"column\">\n\t\t\t<div class=\"elementor-widget-wrap elementor-element-populated\">\n\t\t\t\t\t\t<div class=\"elementor-element elementor-element-2bb14b73 elementor-widget elementor-widget-html\" data-id=\"2bb14b73\" data-element_type=\"widget\" data-widget_type=\"html.default\">\n\t\t\t\t<div class=\"elementor-widget-container\">\n\t\t\t<h2 class=\"h2section-product gold\">Elaboration <\/h2>\r\n<div class=\"product-description\"><p><strong>\tFermentation<\/strong>For the production of both rums that make up the final blend of Tasty, alcohols obtained from the fermentation of sugary streams in the sugarcane sugar production process are used.\r\n <\/p>\r\n\r\n<p><strong>Distillation<\/strong> In the case of industrial or light rums, continuous column systems are used to distill the fermented mashes. This method allows the final product to have a complex, multi-layered flavor, but with a light body similar to other industrial rums.<\/p> <p> On the other hand, heavy or agricultural rums are distilled in traditional pot stills made entirely of copper. This distillation technique imparts great strength to the alcohols due to the extraction of a significant amount of congeners during the process.<\/p> <p>The distillates are blended with high-quality water sourced from the aquifers of this Caribbean island, which has a high annual replenishment rate due to the abundant rainfall and hurricanes in the region. <\/p><p>These waters are purified through reverse osmosis systems, which ensures complete purity of the water, free from salts and minerals.<\/p><p><strong>\tAging<\/strong>  The alcohols are aged for several years in barrels made of American white oak. The formulation involves different aged alcohols, each aged for a different period of time. In the case of Ocean's Tasty, light rums aged from 1 to 10 years are used, mixed in the appropriate proportion with heavy rums aged for one year, to achieve the desired final organoleptic profile.<\/p>\r\n\r\n<\/div>\t\t<\/div>\n\t\t\t\t<\/div>\n\t\t\t\t\t<\/div>\n\t\t<\/div>\n\t\t\t\t<div class=\"elementor-column elementor-col-50 elementor-top-column elementor-element elementor-element-10e5bb16\" data-id=\"10e5bb16\" data-element_type=\"column\">\n\t\t\t<div class=\"elementor-widget-wrap elementor-element-populated\">\n\t\t\t\t\t\t<div class=\"elementor-element elementor-element-10708bbe elementor-widget elementor-widget-image\" data-id=\"10708bbe\" data-element_type=\"widget\" data-widget_type=\"image.default\">\n\t\t\t\t<div class=\"elementor-widget-container\">\n\t\t\t<style>\/*! elementor - v3.20.0 - 13-03-2024 *\/\n.elementor-widget-image{text-align:center}.elementor-widget-image a{display:inline-block}.elementor-widget-image a img[src$=\".svg\"]{width:48px}.elementor-widget-image img{vertical-align:middle;display:inline-block}<\/style>\t\t\t\t\t\t\t\t\t\t<img decoding=\"async\" src=\"https:\/\/oceansdistillery.com\/wp-content\/uploads\/elementor\/thumbs\/tasty-ron-background-q7yilqfmgptvn0dsgkefbnabzfgbm014n9hcpk1eh4.png\" title=\"tasty-ron-background\" alt=\"Imagen de la etiqueta del ron Tasty.\" loading=\"lazy\" \/>\t\t\t\t\t\t\t\t\t\t\t\t\t<\/div>\n\t\t\t\t<\/div>\n\t\t\t\t\t<\/div>\n\t\t<\/div>\n\t\t\t\t\t<\/div>\n\t\t<\/section>\n\t\t\t\t<section class=\"elementor-section elementor-top-section elementor-element elementor-element-6b684dd0 elementor-section-boxed elementor-section-height-default elementor-section-height-default\" data-id=\"6b684dd0\" data-element_type=\"section\">\n\t\t\t\t\t\t<div class=\"elementor-container elementor-column-gap-default\">\n\t\t\t\t\t<div class=\"elementor-column elementor-col-33 elementor-top-column elementor-element elementor-element-415bd6c4\" data-id=\"415bd6c4\" data-element_type=\"column\">\n\t\t\t<div class=\"elementor-widget-wrap elementor-element-populated\">\n\t\t\t\t\t\t<div class=\"elementor-element elementor-element-7172854 e-transform elementor-widget elementor-widget-image\" data-id=\"7172854\" data-element_type=\"widget\" data-settings=\"{&quot;_transform_scale_effect_hover&quot;:{&quot;unit&quot;:&quot;px&quot;,&quot;size&quot;:&quot;&quot;,&quot;sizes&quot;:[]},&quot;_transform_scale_effect_hover_tablet&quot;:{&quot;unit&quot;:&quot;px&quot;,&quot;size&quot;:&quot;&quot;,&quot;sizes&quot;:[]},&quot;_transform_scale_effect_hover_mobile&quot;:{&quot;unit&quot;:&quot;px&quot;,&quot;size&quot;:&quot;&quot;,&quot;sizes&quot;:[]}}\" data-widget_type=\"image.default\">\n\t\t\t\t<div class=\"elementor-widget-container\">\n\t\t\t\t\t\t\t\t\t\t\t\t\t\t<a href=\"https:\/\/oceansdistillery.com\/en\/rum-oceans-deep\/\">\n\t\t\t\t\t\t\t<img fetchpriority=\"high\" decoding=\"async\" width=\"500\" height=\"300\" src=\"https:\/\/oceansdistillery.com\/wp-content\/uploads\/2023\/06\/deep-ron-hover.jpg\" class=\"attachment-large size-large wp-image-1322\" alt=\"Link hacia la p\u00e1gina dedicada al ron Deep\" srcset=\"https:\/\/oceansdistillery.com\/wp-content\/uploads\/2023\/06\/deep-ron-hover.jpg 500w, https:\/\/oceansdistillery.com\/wp-content\/uploads\/2023\/06\/deep-ron-hover-150x90.jpg 150w, https:\/\/oceansdistillery.com\/wp-content\/uploads\/2023\/06\/deep-ron-hover-200x120.jpg 200w, https:\/\/oceansdistillery.com\/wp-content\/uploads\/2023\/06\/deep-ron-hover-300x180.jpg 300w\" sizes=\"(max-width: 500px) 100vw, 500px\" \/>\t\t\t\t\t\t\t\t<\/a>\n\t\t\t\t\t\t\t\t\t\t\t\t\t<\/div>\n\t\t\t\t<\/div>\n\t\t\t\t\t<\/div>\n\t\t<\/div>\n\t\t\t\t<div class=\"elementor-column elementor-col-33 elementor-top-column elementor-element elementor-element-2e39d5c\" data-id=\"2e39d5c\" data-element_type=\"column\">\n\t\t\t<div class=\"elementor-widget-wrap elementor-element-populated\">\n\t\t\t\t\t\t<div class=\"elementor-element elementor-element-7829134e elementor-widget elementor-widget-image\" data-id=\"7829134e\" data-element_type=\"widget\" data-widget_type=\"image.default\">\n\t\t\t\t<div class=\"elementor-widget-container\">\n\t\t\t\t\t\t\t\t\t\t\t\t\t\t<a href=\"https:\/\/oceansdistillery.com\/en\/rum-oceans-mellow\/\">\n\t\t\t\t\t\t\t<img decoding=\"async\" width=\"500\" height=\"300\" src=\"https:\/\/oceansdistillery.com\/wp-content\/uploads\/2023\/06\/mellow-ron-hover.jpg\" class=\"attachment-large size-large wp-image-1324\" alt=\"Link hacia la p\u00e1gina dedicada al ron Mellow\" srcset=\"https:\/\/oceansdistillery.com\/wp-content\/uploads\/2023\/06\/mellow-ron-hover.jpg 500w, https:\/\/oceansdistillery.com\/wp-content\/uploads\/2023\/06\/mellow-ron-hover-150x90.jpg 150w, https:\/\/oceansdistillery.com\/wp-content\/uploads\/2023\/06\/mellow-ron-hover-200x120.jpg 200w, https:\/\/oceansdistillery.com\/wp-content\/uploads\/2023\/06\/mellow-ron-hover-300x180.jpg 300w\" sizes=\"(max-width: 500px) 100vw, 500px\" \/>\t\t\t\t\t\t\t\t<\/a>\n\t\t\t\t\t\t\t\t\t\t\t\t\t<\/div>\n\t\t\t\t<\/div>\n\t\t\t\t\t<\/div>\n\t\t<\/div>\n\t\t\t\t<div class=\"elementor-column elementor-col-33 elementor-top-column elementor-element elementor-element-1d9ca448\" data-id=\"1d9ca448\" data-element_type=\"column\">\n\t\t\t<div class=\"elementor-widget-wrap elementor-element-populated\">\n\t\t\t\t\t\t<div class=\"elementor-element elementor-element-44155876 elementor-widget elementor-widget-image\" data-id=\"44155876\" data-element_type=\"widget\" data-widget_type=\"image.default\">\n\t\t\t\t<div class=\"elementor-widget-container\">\n\t\t\t\t\t\t\t\t\t\t\t\t\t\t<a href=\"https:\/\/oceansdistillery.com\/en\/rum-oceans-tasty\/\">\n\t\t\t\t\t\t\t<img decoding=\"async\" width=\"500\" height=\"300\" src=\"https:\/\/oceansdistillery.com\/wp-content\/uploads\/2023\/06\/tasty-ron-hover.jpg\" class=\"attachment-large size-large wp-image-1326\" alt=\"Link hacia la p\u00e1gina dedicada al ron Tasty\" srcset=\"https:\/\/oceansdistillery.com\/wp-content\/uploads\/2023\/06\/tasty-ron-hover.jpg 500w, https:\/\/oceansdistillery.com\/wp-content\/uploads\/2023\/06\/tasty-ron-hover-150x90.jpg 150w, https:\/\/oceansdistillery.com\/wp-content\/uploads\/2023\/06\/tasty-ron-hover-200x120.jpg 200w, https:\/\/oceansdistillery.com\/wp-content\/uploads\/2023\/06\/tasty-ron-hover-300x180.jpg 300w\" sizes=\"(max-width: 500px) 100vw, 500px\" \/>\t\t\t\t\t\t\t\t<\/a>\n\t\t\t\t\t\t\t\t\t\t\t\t\t<\/div>\n\t\t\t\t<\/div>\n\t\t\t\t\t<\/div>\n\t\t<\/div>\n\t\t\t\t\t<\/div>\n\t\t<\/section>\n\t\t\t\t<\/div>","protected":false},"excerpt":{"rendered":"<p>Ron Ocean's Deep is a blend of Industrial Rum (or light rum) combined with agricultural rums (or heavy rums), all sourced from the Caribbean islands where both production technologies have been developed.<\/p>","protected":false},"featured_media":766,"template":"","meta":{"site-sidebar-layout":"no-sidebar","site-content-layout":"page-builder","ast-site-content-layout":"full-width-container","site-content-style":"default","site-sidebar-style":"default","ast-global-header-display":"","ast-banner-title-visibility":"","ast-main-header-display":"","ast-hfb-above-header-display":"","ast-hfb-below-header-display":"","ast-hfb-mobile-header-display":"","site-post-title":"disabled","ast-breadcrumbs-content":"","ast-featured-img":"disabled","footer-sml-layout":"","theme-transparent-header-meta":"default","adv-header-id-meta":"","stick-header-meta":"default","header-above-stick-meta":"","header-main-stick-meta":"","header-below-stick-meta":"","astra-migrate-meta-layouts":"set","ast-page-background-enabled":"default","ast-page-background-meta":{"desktop":{"background-color":"var(--ast-global-color-4)","background-image":"","background-repeat":"repeat","background-position":"center center","background-size":"auto","background-attachment":"scroll","background-type":"","background-media":"","overlay-type":"","overlay-color":"","overlay-gradient":""},"tablet":{"background-color":"","background-image":"","background-repeat":"repeat","background-position":"center center","background-size":"auto","background-attachment":"scroll","background-type":"","background-media":"","overlay-type":"","overlay-color":"","overlay-gradient":""},"mobile":{"background-color":"","background-image":"","background-repeat":"repeat","background-position":"center center","background-size":"auto","background-attachment":"scroll","background-type":"","background-media":"","overlay-type":"","overlay-color":"","overlay-gradient":""}},"ast-content-background-meta":{"desktop":{"background-color":"var(--ast-global-color-5)","background-image":"","background-repeat":"repeat","background-position":"center center","background-size":"auto","background-attachment":"scroll","background-type":"","background-media":"","overlay-type":"","overlay-color":"","overlay-gradient":""},"tablet":{"background-color":"var(--ast-global-color-5)","background-image":"","background-repeat":"repeat","background-position":"center center","background-size":"auto","background-attachment":"scroll","background-type":"","background-media":"","overlay-type":"","overlay-color":"","overlay-gradient":""},"mobile":{"background-color":"var(--ast-global-color-5)","background-image":"","background-repeat":"repeat","background-position":"center center","background-size":"auto","background-attachment":"scroll","background-type":"","background-media":"","overlay-type":"","overlay-color":"","overlay-gradient":""}}},"product_cat":[28],"product_tag":[],"yoast_head":"<!-- This site is optimized with the Yoast SEO plugin v22.2 - https:\/\/yoast.com\/wordpress\/plugins\/seo\/ -->\n<title>Ron Ocean&#039;s Tasty - Ocean&#039;s Distillery<\/title>\n<meta name=\"robots\" content=\"index, follow, max-snippet:-1, max-image-preview:large, max-video-preview:-1\" \/>\n<link rel=\"canonical\" href=\"https:\/\/oceansdistillery.com\/en\/product\/ron-oceans-tasty\/\" \/>\n<meta property=\"og:locale\" content=\"en_GB\" \/>\n<meta property=\"og:type\" content=\"article\" \/>\n<meta property=\"og:title\" content=\"Ron Ocean&#039;s Tasty - Ocean&#039;s Distillery\" \/>\n<meta property=\"og:description\" content=\"Ron definido como una mezcla de Ron Industria ( o ligero), de conjunto con rones agr\u00edcolas (o pesados) , todos de las islas caribe\u00f1as donde se han venido desarrollando ambas tecnolog\u00edas de producci\u00f3n de Rones.\" \/>\n<meta property=\"og:url\" content=\"https:\/\/oceansdistillery.com\/en\/product\/ron-oceans-tasty\/\" \/>\n<meta property=\"og:site_name\" content=\"Ocean&#039;s Distillery\" \/>\n<meta property=\"article:modified_time\" content=\"2024-03-14T17:44:57+00:00\" \/>\n<meta property=\"og:image\" content=\"https:\/\/oceansdistillery.com\/wp-content\/uploads\/2023\/04\/tasty.png\" \/>\n\t<meta property=\"og:image:width\" content=\"500\" \/>\n\t<meta property=\"og:image:height\" content=\"800\" \/>\n\t<meta property=\"og:image:type\" content=\"image\/png\" \/>\n<meta name=\"twitter:card\" content=\"summary_large_image\" \/>\n<meta name=\"twitter:label1\" content=\"Estimated reading time\" \/>\n\t<meta name=\"twitter:data1\" content=\"3 minutes\" \/>\n<script type=\"application\/ld+json\" class=\"yoast-schema-graph\">{\"@context\":\"https:\/\/schema.org\",\"@graph\":[{\"@type\":\"WebPage\",\"@id\":\"https:\/\/oceansdistillery.com\/producto\/ron-oceans-tasty\/\",\"url\":\"https:\/\/oceansdistillery.com\/producto\/ron-oceans-tasty\/\",\"name\":\"Ron Ocean's Tasty - Ocean's Distillery\",\"isPartOf\":{\"@id\":\"https:\/\/oceansdistillery.com\/#website\"},\"primaryImageOfPage\":{\"@id\":\"https:\/\/oceansdistillery.com\/producto\/ron-oceans-tasty\/#primaryimage\"},\"image\":{\"@id\":\"https:\/\/oceansdistillery.com\/producto\/ron-oceans-tasty\/#primaryimage\"},\"thumbnailUrl\":\"https:\/\/oceansdistillery.com\/wp-content\/uploads\/2023\/04\/tasty.png\",\"datePublished\":\"2024-03-14T17:40:24+00:00\",\"dateModified\":\"2024-03-14T17:44:57+00:00\",\"breadcrumb\":{\"@id\":\"https:\/\/oceansdistillery.com\/producto\/ron-oceans-tasty\/#breadcrumb\"},\"inLanguage\":\"en-GB\",\"potentialAction\":[{\"@type\":\"ReadAction\",\"target\":[\"https:\/\/oceansdistillery.com\/producto\/ron-oceans-tasty\/\"]}]},{\"@type\":\"ImageObject\",\"inLanguage\":\"en-GB\",\"@id\":\"https:\/\/oceansdistillery.com\/producto\/ron-oceans-tasty\/#primaryimage\",\"url\":\"https:\/\/oceansdistillery.com\/wp-content\/uploads\/2023\/04\/tasty.png\",\"contentUrl\":\"https:\/\/oceansdistillery.com\/wp-content\/uploads\/2023\/04\/tasty.png\",\"width\":500,\"height\":800,\"caption\":\"Botella de Ocean's Rum versi\u00f3n Tasty. Con astrolabio de fondo rojo\"},{\"@type\":\"BreadcrumbList\",\"@id\":\"https:\/\/oceansdistillery.com\/producto\/ron-oceans-tasty\/#breadcrumb\",\"itemListElement\":[{\"@type\":\"ListItem\",\"position\":1,\"name\":\"Portada\",\"item\":\"https:\/\/oceansdistillery.com\/\"},{\"@type\":\"ListItem\",\"position\":2,\"name\":\"Tienda\",\"item\":\"https:\/\/oceansdistillery.com\/tienda\/\"},{\"@type\":\"ListItem\",\"position\":3,\"name\":\"Ron Ocean&#8217;s Tasty\"}]},{\"@type\":\"WebSite\",\"@id\":\"https:\/\/oceansdistillery.com\/#website\",\"url\":\"https:\/\/oceansdistillery.com\/\",\"name\":\"Ocean's Distillery\",\"description\":\"\",\"publisher\":{\"@id\":\"https:\/\/oceansdistillery.com\/#organization\"},\"potentialAction\":[{\"@type\":\"SearchAction\",\"target\":{\"@type\":\"EntryPoint\",\"urlTemplate\":\"https:\/\/oceansdistillery.com\/?s={search_term_string}\"},\"query-input\":\"required name=search_term_string\"}],\"inLanguage\":\"en-GB\"},{\"@type\":\"Organization\",\"@id\":\"https:\/\/oceansdistillery.com\/#organization\",\"name\":\"Ocean's Distillery\",\"url\":\"https:\/\/oceansdistillery.com\/\",\"logo\":{\"@type\":\"ImageObject\",\"inLanguage\":\"en-GB\",\"@id\":\"https:\/\/oceansdistillery.com\/#\/schema\/logo\/image\/\",\"url\":\"https:\/\/oceansdistillery.com\/wp-content\/uploads\/2023\/04\/oceans-distillery-logo.svg\",\"contentUrl\":\"https:\/\/oceansdistillery.com\/wp-content\/uploads\/2023\/04\/oceans-distillery-logo.svg\",\"width\":250,\"height\":202,\"caption\":\"Ocean's Distillery\"},\"image\":{\"@id\":\"https:\/\/oceansdistillery.com\/#\/schema\/logo\/image\/\"}}]}<\/script>\n<!-- \/ Yoast SEO plugin. -->","yoast_head_json":{"title":"Ron Ocean's Tasty - Ocean's Distillery","robots":{"index":"index","follow":"follow","max-snippet":"max-snippet:-1","max-image-preview":"max-image-preview:large","max-video-preview":"max-video-preview:-1"},"canonical":"https:\/\/oceansdistillery.com\/en\/product\/ron-oceans-tasty\/","og_locale":"en_GB","og_type":"article","og_title":"Ron Ocean's Tasty - Ocean's Distillery","og_description":"Ron definido como una mezcla de Ron Industria ( o ligero), de conjunto con rones agr\u00edcolas (o pesados) , todos de las islas caribe\u00f1as donde se han venido desarrollando ambas tecnolog\u00edas de producci\u00f3n de Rones.","og_url":"https:\/\/oceansdistillery.com\/en\/product\/ron-oceans-tasty\/","og_site_name":"Ocean's Distillery","article_modified_time":"2024-03-14T17:44:57+00:00","og_image":[{"width":500,"height":800,"url":"https:\/\/oceansdistillery.com\/wp-content\/uploads\/2023\/04\/tasty.png","type":"image\/png"}],"twitter_card":"summary_large_image","twitter_misc":{"Estimated reading time":"3 minutes"},"schema":{"@context":"https:\/\/schema.org","@graph":[{"@type":"WebPage","@id":"https:\/\/oceansdistillery.com\/producto\/ron-oceans-tasty\/","url":"https:\/\/oceansdistillery.com\/producto\/ron-oceans-tasty\/","name":"Ron Ocean's Tasty - Ocean's Distillery","isPartOf":{"@id":"https:\/\/oceansdistillery.com\/#website"},"primaryImageOfPage":{"@id":"https:\/\/oceansdistillery.com\/producto\/ron-oceans-tasty\/#primaryimage"},"image":{"@id":"https:\/\/oceansdistillery.com\/producto\/ron-oceans-tasty\/#primaryimage"},"thumbnailUrl":"https:\/\/oceansdistillery.com\/wp-content\/uploads\/2023\/04\/tasty.png","datePublished":"2024-03-14T17:40:24+00:00","dateModified":"2024-03-14T17:44:57+00:00","breadcrumb":{"@id":"https:\/\/oceansdistillery.com\/producto\/ron-oceans-tasty\/#breadcrumb"},"inLanguage":"en-GB","potentialAction":[{"@type":"ReadAction","target":["https:\/\/oceansdistillery.com\/producto\/ron-oceans-tasty\/"]}]},{"@type":"ImageObject","inLanguage":"en-GB","@id":"https:\/\/oceansdistillery.com\/producto\/ron-oceans-tasty\/#primaryimage","url":"https:\/\/oceansdistillery.com\/wp-content\/uploads\/2023\/04\/tasty.png","contentUrl":"https:\/\/oceansdistillery.com\/wp-content\/uploads\/2023\/04\/tasty.png","width":500,"height":800,"caption":"Botella de Ocean's Rum versi\u00f3n Tasty. Con astrolabio de fondo rojo"},{"@type":"BreadcrumbList","@id":"https:\/\/oceansdistillery.com\/producto\/ron-oceans-tasty\/#breadcrumb","itemListElement":[{"@type":"ListItem","position":1,"name":"Portada","item":"https:\/\/oceansdistillery.com\/"},{"@type":"ListItem","position":2,"name":"Tienda","item":"https:\/\/oceansdistillery.com\/tienda\/"},{"@type":"ListItem","position":3,"name":"Ron Ocean&#8217;s Tasty"}]},{"@type":"WebSite","@id":"https:\/\/oceansdistillery.com\/#website","url":"https:\/\/oceansdistillery.com\/","name":"Ocean's Distillery","description":"","publisher":{"@id":"https:\/\/oceansdistillery.com\/#organization"},"potentialAction":[{"@type":"SearchAction","target":{"@type":"EntryPoint","urlTemplate":"https:\/\/oceansdistillery.com\/?s={search_term_string}"},"query-input":"required name=search_term_string"}],"inLanguage":"en-GB"},{"@type":"Organization","@id":"https:\/\/oceansdistillery.com\/#organization","name":"Ocean's Distillery","url":"https:\/\/oceansdistillery.com\/","logo":{"@type":"ImageObject","inLanguage":"en-GB","@id":"https:\/\/oceansdistillery.com\/#\/schema\/logo\/image\/","url":"https:\/\/oceansdistillery.com\/wp-content\/uploads\/2023\/04\/oceans-distillery-logo.svg","contentUrl":"https:\/\/oceansdistillery.com\/wp-content\/uploads\/2023\/04\/oceans-distillery-logo.svg","width":250,"height":202,"caption":"Ocean's Distillery"},"image":{"@id":"https:\/\/oceansdistillery.com\/#\/schema\/logo\/image\/"}}]}},"_links":{"self":[{"href":"https:\/\/oceansdistillery.com\/en\/wp-json\/wp\/v2\/product\/2030"}],"collection":[{"href":"https:\/\/oceansdistillery.com\/en\/wp-json\/wp\/v2\/product"}],"about":[{"href":"https:\/\/oceansdistillery.com\/en\/wp-json\/wp\/v2\/types\/product"}],"version-history":[{"count":4,"href":"https:\/\/oceansdistillery.com\/en\/wp-json\/wp\/v2\/product\/2030\/revisions"}],"predecessor-version":[{"id":2035,"href":"https:\/\/oceansdistillery.com\/en\/wp-json\/wp\/v2\/product\/2030\/revisions\/2035"}],"wp:featuredmedia":[{"embeddable":true,"href":"https:\/\/oceansdistillery.com\/en\/wp-json\/wp\/v2\/media\/766"}],"wp:attachment":[{"href":"https:\/\/oceansdistillery.com\/en\/wp-json\/wp\/v2\/media?parent=2030"}],"wp:term":[{"taxonomy":"product_cat","embeddable":true,"href":"https:\/\/oceansdistillery.com\/en\/wp-json\/wp\/v2\/product_cat?post=2030"},{"taxonomy":"product_tag","embeddable":true,"href":"https:\/\/oceansdistillery.com\/en\/wp-json\/wp\/v2\/product_tag?post=2030"}],"curies":[{"name":"wp","href":"https:\/\/api.w.org\/{rel}","templated":true}]}}